{"id":2043,"date":"2023-12-24T04:41:05","date_gmt":"2023-12-24T01:41:05","guid":{"rendered":"https:\/\/drgulf.net\/?page_id=2043"},"modified":"2023-12-24T18:50:13","modified_gmt":"2023-12-24T15:50:13","slug":"umman","status":"publish","type":"page","link":"https:\/\/drgulf.net\/index.php\/umman\/","title":{"rendered":"Umman"},"content":{"rendered":"\t\t<div data-elementor-type=\"wp-page\" data-elementor-id=\"2043\" class=\"elementor elementor-2043\">\n\t\t\t\t<div class=\"elementor-element elementor-element-d929d8c e-con-full e-flex e-con e-parent\" data-id=\"d929d8c\" data-element_type=\"container\" data-e-type=\"container\">\n\t\t\t\t<div class=\"elementor-element elementor-element-f13313b elementor-widget elementor-widget-service_details\" data-id=\"f13313b\" data-element_type=\"widget\" data-e-type=\"widget\" data-widget_type=\"service_details.default\">\n\t\t\t\t<div class=\"elementor-widget-container\">\n\t\t\t\t\t\r\n\r\n\t <script>\r\n jQuery(document).ready(function($) {\r\n\r\n\/\/write js code under this line \r\n\r\n\r\n\/\/write code above the line \r\n\r\n  });\r\n<\/script>\r\n<!-- Service details area start -->\r\n\t<section class=\"service-details-area section-space\">\r\n\t\t<div class=\"container\">\r\n\t\t<div class=\"row align-items-center\">\r\n\t\t\t<div class=\"col-xxl-6 col-xl-6 col-lg-6\">\r\n\t\t\t\t<div class=\"section-title-wrapper-2 mb-15\">\r\n\t\t\t\t\t<span class=\"section-subtitle-2 mb-25\">Dr. Gulf<\/span>\r\n\t\t\t\t\t<h2 class=\"section-title\">Umman'da Doktor Olmak<\/h2>\r\n\t\t\t\t<\/div>\r\n\t\t\t\t\t\t\t\t<a href=\"\/dogri\/appointment\/\" class=\"fill-btn mt-40\">\r\n                     <span class=\"fill-btn-inner\">\r\n                        <span class=\"fill-btn-normal\">\u0130leti\u015fim<i class=\"fa-regular fa-angle-right\"><\/i><\/span>\r\n                        <span class=\"fill-btn-hover\">\u0130leti\u015fim<i class=\"fa-regular fa-angle-right\"><\/i><\/span>\r\n                     <\/span>\r\n                <\/a>\r\n\t\t\t\t\t\t\t<\/div>\r\n\t\t\t<div class=\"col-xxl-6 col-xl-6 col-lg-6\">\r\n\t\t\t\t<p>Umman'da doktor olarak \u00e7al\u0131\u015fmak, sa\u011fl\u0131k alan\u0131nda kariyerini uluslararas\u0131 bir boyuta ta\u015f\u0131mak isteyen hekimler i\u00e7in benzersiz f\u0131rsatlar sunar. Umman, sa\u011fl\u0131k sekt\u00f6r\u00fcne s\u00fcrekli yat\u0131r\u0131m yapmakta ve h\u0131zla geli\u015fen sa\u011fl\u0131k altyap\u0131s\u0131yla dikkat \u00e7ekmektedir. Bu ba\u011flamda, Umman, yabanc\u0131 sa\u011fl\u0131k profesyonellerine \u00e7e\u015fitli kariyer olanaklar\u0131 sa\u011flamaktad\u0131r.<br><br>\n\nUmman'da doktor olarak \u00e7al\u0131\u015fmak isteyen yabanc\u0131 uyruklu sa\u011fl\u0131k profesyonellerinin, \u00f6ncelikle Umman Sa\u011fl\u0131k Bakanl\u0131\u011f\u0131 taraf\u0131ndan tan\u0131nan ge\u00e7erli bir t\u0131p diplomas\u0131na sahip olmalar\u0131 gerekmektedir. Ayr\u0131ca, doktorlar\u0131n Umman T\u0131bbi Lisanslama S\u0131nav\u0131'n\u0131 (OMSB) ge\u00e7meleri ve yerel mesleki standartlara uygunluklar\u0131n\u0131 kan\u0131tlamalar\u0131 beklenir.\n\n<\/p>\r\n\t\t\t\t<p>\u00c7al\u0131\u015fma izni ve ikametgah s\u00fcreci genellikle i\u015fveren taraf\u0131ndan y\u00f6netilir. Sa\u011fl\u0131k kurulu\u015flar\u0131, doktorlar\u0131n \u00e7al\u0131\u015fma ve ikamet izni alabilmeleri i\u00e7in gereken t\u00fcm resmi i\u015flemleri y\u00fcr\u00fct\u00fcrler. Umman'da doktorlar, devlet hastaneleri, \u00f6zel klinikler ve sa\u011fl\u0131k merkezlerinde \u00e7al\u0131\u015fma f\u0131rsat\u0131 bulabilirler. \u00dclkede sa\u011fl\u0131k hizmetleri y\u00fcksek standartlarda sunulur ve doktorlar\u0131n maa\u015flar\u0131 ve \u00e7al\u0131\u015fma ko\u015fullar\u0131 da genellikle rekabet\u00e7i d\u00fczeydedir.<br><br>Doktorluk kariyerinize Umman'da devam etmek isterseniz bize ula\u015fabilirsiniz.<br><br>Dr. Gulf<\/p>\r\n\t\t\t<\/div>\r\n\t\t<\/div>\r\n\t\t<div class=\"row\">\r\n\t\t\t<div class=\"col-12\">\r\n\t\t\t\t<div class=\"service-details-thumb mt-80 mb-80\">\r\n\t\t\t\t\t<img decoding=\"async\" src=\"https:\/\/drgulf.net\/wp-content\/uploads\/2023\/11\/project-details.jpg\" alt=\"\"\/>\r\n\t\t\t\t<\/div>\r\n\t\t\t<\/div>\r\n\t\t<\/div>\r\n\t\t<div class=\"row\">\r\n\t\t\t<div class=\"col-xxl-6 col-xl-6 col-lg-6\">\r\n\t\t\t\t<div class=\"section-title-wrapper-2\">\r\n\t\t\t\t\t<h2 class=\"section-title\">Umman'da Sa\u011fl\u0131k \u00c7al\u0131\u015fanlar\u0131 \u0130\u00e7in Kariyer F\u0131rsatlar\u0131<\/h2>\r\n\t\t\t\t<\/div>\r\n\t\t\t<\/div>\r\n\t\t\t<div class=\"col-xxl-6 col-xl-6 col-lg-6\">\r\n\t\t\t\t<p>Umman'da uluslararas\u0131 ve modern sa\u011fl\u0131k kurumlar\u0131nda \u00e7al\u0131\u015fmak i\u00e7in bir dizi teyit ve lisanslama s\u00fcrecinden ge\u00e7meniz gerekmektedir. <br><br>\nBu s\u00fcreci en h\u0131zl\u0131 ve g\u00fcvenilir \u015fekilde Dr. Gulf ile tamamlayabilirsiniz.<\/p>\r\n\t\t\t\t<p><\/p>\r\n\t\t\t<\/div>\r\n\t\t<\/div>\r\n\t\t<\/div>\r\n\t<\/section>\r\n\t<!-- Service details area end -->\r\n             \r\n\t\t\t\t\t\t<\/div>\n\t\t\t\t<\/div>\n\t\t\t\t<\/div>\n\t\t<div class=\"elementor-element elementor-element-43c7bb9 e-con-full e-flex e-con e-parent\" data-id=\"43c7bb9\" data-element_type=\"container\" data-e-type=\"container\">\n\t\t\t\t<div class=\"elementor-element elementor-element-23f696f elementor-widget elementor-widget-benefit_tab\" data-id=\"23f696f\" data-element_type=\"widget\" data-e-type=\"widget\" data-widget_type=\"benefit_tab.default\">\n\t\t\t\t<div class=\"elementor-widget-container\">\n\t\t\t\t\t\r\n\r\n\t <script>\r\n jQuery(document).ready(function($) {\r\n\r\n\/\/write js code under this line \r\n\r\n\r\n\/\/write code above the line \r\n\r\n  });\r\n<\/script>\r\n   <!-- FAQ area start -->\r\n   <section class=\"faq__area section-space\">\r\n         <div class=\"container\">\r\n            <div class=\"row gy-50 wow fadeInUp\" data-wow-delay=\".3s\">\r\n               <div class=\"col-xxl-5 col-xl-5 col-lg-6\">\r\n                  <div class=\"faq__content bd-sticky\">\r\n                     <div class=\"section-title-wrapper-2 mb-15\">\r\n                        <span class=\"section-subtitle-2 mb-25\">Dr. Gulf<\/span>\r\n                        <h2 class=\"section-title\">Umman'da Doktorluk Yapmak \u0130le \u0130lgili S\u0131k\u00e7a Sorulan Sorular<\/h2>\r\n                     <\/div>\r\n                     <p class=\"mb-40\"><\/p>\r\n                     <a href=\"https:\/\/drgulf.net\/index.php\/iletisim\/\" class=\"fill-btn\">\r\n                        <span class=\"fill-btn-inner\">\r\n                           <span class=\"fill-btn-normal\">\u0130leti\u015fim<i class=\"fa-regular fa-angle-right\"><\/i><\/span>\r\n                           <span class=\"fill-btn-hover\">\u0130leti\u015fim<i class=\"fa-regular fa-angle-right\"><\/i><\/span>\r\n                        <\/span>\r\n                     <\/a>\r\n                  <\/div>\r\n               <\/div>\r\n               <div class=\"col-xxl-7 col-xl-7 col-lg-6\">\r\n                  <div class=\"bd__faq\">\r\n\t\t\t\t  \t\t\t\t\t<div class=\"accordion-item\">\r\n\t\t\t\t\t\t<h2 class=\"accordion-header\" id=\"heading2f87939-st-2\">\r\n\t\t\t\t\t\t\t<button class=\"accordion-button \" type=\"button\" data-bs-toggle=\"collapse\"\r\n\t\t\t\t\t\t\tdata-bs-target=\"#collapse2f87939-st-2\" aria-expanded=\"true\"\r\n\t\t\t\t\t\t\taria-controls=\"collapse2f87939-st-2\">\r\n\t\t\t\t\t\t\t\r\n\t\t\t\t\t\t\tUmman'da doktorlar ne kadar kazan\u0131r?\t\t\t\t\t\t\t<\/button>\r\n\t\t\t\t\t\t<\/h2>\r\n\t\t\t\t\t\t<div id=\"collapse2f87939-st-2\" class=\"accordion-collapse collapse show\"\r\n\t\t\t\t\t\t\taria-labelledby=\"heading2f87939-st-2\" data-bs-parent=\"#accordionExample-st-2subtitlefaq-912456430\">\r\n\t\t\t\t\t\t\t<div class=\"accordion-body\">\r\n\t\t\t\t\t\t\tGenel olarak, Umman'da bir doktorun ortalama maa\u015f\u0131, ba\u015flang\u0131\u00e7 seviyesinde y\u0131ll\u0131k yakla\u015f\u0131k 36,000 OMR'den (Umman Riyali) ba\u015flayabilir. Deneyimli uzman doktorlar i\u00e7in bu maa\u015f y\u0131ll\u0131k 60,000 OMR veya daha fazlas\u0131na kadar \u00e7\u0131kabilir. Bu rakamlar, ek yan haklar ve bonuslar dahil edilmeden hesaplanm\u0131\u015ft\u0131r. \u00d6zel sekt\u00f6rde \u00e7al\u0131\u015fan doktorlar genellikle daha y\u00fcksek maa\u015flar alabilirler, ancak bu durumda sa\u011flanan yan haklar de\u011fi\u015fkenlik g\u00f6sterebilir.\t\t\t\t\t\t\t<\/div>\r\n\t\t\t\t\t\t<\/div>\r\n\t\t\t\t\t<\/div>\r\n\t\t\t\t\t\t\t\t\t\t<div class=\"accordion-item\">\r\n\t\t\t\t\t\t<h2 class=\"accordion-header\" id=\"heading060635d-st-2\">\r\n\t\t\t\t\t\t\t<button class=\"accordion-button collapsed\" type=\"button\" data-bs-toggle=\"collapse\"\r\n\t\t\t\t\t\t\tdata-bs-target=\"#collapse060635d-st-2\" aria-expanded=\"true\"\r\n\t\t\t\t\t\t\taria-controls=\"collapse060635d-st-2\">\r\n\t\t\t\t\t\t\t\r\n\t\t\t\t\t\t\tUmman'da doktorlar\u0131n yan haklar\u0131 nelerdir?\t\t\t\t\t\t\t<\/button>\r\n\t\t\t\t\t\t<\/h2>\r\n\t\t\t\t\t\t<div id=\"collapse060635d-st-2\" class=\"accordion-collapse collapse \"\r\n\t\t\t\t\t\t\taria-labelledby=\"heading060635d-st-2\" data-bs-parent=\"#accordionExample-st-2subtitlefaq-912456430\">\r\n\t\t\t\t\t\t\t<div class=\"accordion-body\">\r\n\t\t\t\t\t\t\tUmman'da doktorlar\u0131n yan haklar\u0131 genellikle \u015funlar\u0131 i\u00e7erir:<br>\n\nKonut deste\u011fi veya konaklama imkanlar\u0131.<br>\nUla\u015f\u0131m deste\u011fi veya ara\u00e7 tahsisi.<br>\nSa\u011fl\u0131k sigortas\u0131, kendileri ve bazen aile \u00fcyeleri i\u00e7in.<br>\n\u00c7ocuklar i\u00e7in e\u011fitim yard\u0131m\u0131.<br>\nY\u0131ll\u0131k izin hakk\u0131.<br>\nY\u0131ll\u0131k \u00fclkelerine d\u00f6n\u00fc\u015f i\u00e7in u\u00e7ak bileti, \u00f6zellikle yabanc\u0131 doktorlar i\u00e7in.<br>\nPerformansa dayal\u0131 bonuslar ve ek \u00f6demeler.<br>\nMesleki geli\u015fim i\u00e7in e\u011fitim ve seminerlere kat\u0131l\u0131m deste\u011fi.<br>\t\t\t\t\t\t\t<\/div>\r\n\t\t\t\t\t\t<\/div>\r\n\t\t\t\t\t<\/div>\r\n\t\t\t\t\t                  <\/div>\r\n               <\/div>\r\n            <\/div>\r\n         <\/div>\r\n      <\/section>\r\n      <!-- FAQ area end -->\r\n\t\r\n\r\n\r\n\r\n             \r\n\t\t\t\t\t\t<\/div>\n\t\t\t\t<\/div>\n\t\t\t\t<\/div>\n\t\t\t\t<\/div>\n\t\t","protected":false},"excerpt":{"rendered":"<p>Dr. Gulf Umman&#8217;da Doktor Olmak \u0130leti\u015fim \u0130leti\u015fim Umman&#8217;da doktor olarak \u00e7al\u0131\u015fmak, sa\u011fl\u0131k alan\u0131nda kariyerini uluslararas\u0131 bir boyuta ta\u015f\u0131mak isteyen hekimler i\u00e7in benzersiz f\u0131rsatlar sunar. Umman, sa\u011fl\u0131k sekt\u00f6r\u00fcne s\u00fcrekli yat\u0131r\u0131m yapmakta ve h\u0131zla geli\u015fen sa\u011fl\u0131k altyap\u0131s\u0131yla dikkat \u00e7ekmektedir. Bu ba\u011flamda, Umman, yabanc\u0131 sa\u011fl\u0131k profesyonellerine \u00e7e\u015fitli kariyer olanaklar\u0131 sa\u011flamaktad\u0131r. Umman&#8217;da doktor olarak \u00e7al\u0131\u015fmak isteyen yabanc\u0131 uyruklu sa\u011fl\u0131k [&hellip;]<\/p>\n","protected":false},"author":1,"featured_media":0,"parent":0,"menu_order":0,"comment_status":"closed","ping_status":"closed","template":"elementor_header_footer","meta":{"inline_featured_image":false,"footnotes":""},"class_list":["post-2043","page","type-page","status-publish","hentry"],"yoast_head":"<!-- This site is optimized with the Yoast SEO plugin v27.4 - https:\/\/yoast.com\/product\/yoast-seo-wordpress\/ -->\n<title>Umman - Gulf Region Vacancies Recruitment<\/title>\n<meta name=\"robots\" content=\"index, follow, max-snippet:-1, max-image-preview:large, max-video-preview:-1\" \/>\n<link rel=\"canonical\" href=\"https:\/\/drgulf.net\/index.php\/umman\/\" \/>\n<meta property=\"og:locale\" content=\"tr_TR\" \/>\n<meta property=\"og:type\" content=\"article\" \/>\n<meta property=\"og:title\" content=\"Umman - Gulf Region Vacancies Recruitment\" \/>\n<meta property=\"og:description\" content=\"Dr. Gulf Umman&#8217;da Doktor Olmak \u0130leti\u015fim \u0130leti\u015fim Umman&#8217;da doktor olarak \u00e7al\u0131\u015fmak, sa\u011fl\u0131k alan\u0131nda kariyerini uluslararas\u0131 bir boyuta ta\u015f\u0131mak isteyen hekimler i\u00e7in benzersiz f\u0131rsatlar sunar. Umman, sa\u011fl\u0131k sekt\u00f6r\u00fcne s\u00fcrekli yat\u0131r\u0131m yapmakta ve h\u0131zla geli\u015fen sa\u011fl\u0131k altyap\u0131s\u0131yla dikkat \u00e7ekmektedir. Bu ba\u011flamda, Umman, yabanc\u0131 sa\u011fl\u0131k profesyonellerine \u00e7e\u015fitli kariyer olanaklar\u0131 sa\u011flamaktad\u0131r. Umman&#8217;da doktor olarak \u00e7al\u0131\u015fmak isteyen yabanc\u0131 uyruklu sa\u011fl\u0131k [&hellip;]\" \/>\n<meta property=\"og:url\" content=\"https:\/\/drgulf.net\/index.php\/umman\/\" \/>\n<meta property=\"og:site_name\" content=\"Gulf Region Vacancies Recruitment\" \/>\n<meta property=\"article:publisher\" content=\"https:\/\/www.facebook.com\/drgulf.job.1\/?paipv=0&amp;eav=AfaGmxTvEMGNja4xXPYo5Hx7KR-pBLy1seTCwQxcHp8JKGZtMLl4ztk19_b9SR2pLI4&amp;_rdr\" \/>\n<meta property=\"article:modified_time\" content=\"2023-12-24T15:50:13+00:00\" \/>\n<meta property=\"og:image\" content=\"http:\/\/drgulf.net\/wp-content\/uploads\/2023\/11\/project-details.jpg\" \/>\n<meta name=\"twitter:card\" content=\"summary_large_image\" \/>\n<meta name=\"twitter:label1\" content=\"Tahmini okuma s\u00fcresi\" \/>\n\t<meta name=\"twitter:data1\" content=\"2 dakika\" \/>\n<script type=\"application\/ld+json\" class=\"yoast-schema-graph\">{\"@context\":\"https:\\\/\\\/schema.org\",\"@graph\":[{\"@type\":\"WebPage\",\"@id\":\"https:\\\/\\\/drgulf.net\\\/index.php\\\/umman\\\/\",\"url\":\"https:\\\/\\\/drgulf.net\\\/index.php\\\/umman\\\/\",\"name\":\"Umman - Gulf Region Vacancies Recruitment\",\"isPartOf\":{\"@id\":\"https:\\\/\\\/drgulf.net\\\/#website\"},\"primaryImageOfPage\":{\"@id\":\"https:\\\/\\\/drgulf.net\\\/index.php\\\/umman\\\/#primaryimage\"},\"image\":{\"@id\":\"https:\\\/\\\/drgulf.net\\\/index.php\\\/umman\\\/#primaryimage\"},\"thumbnailUrl\":\"http:\\\/\\\/drgulf.net\\\/wp-content\\\/uploads\\\/2023\\\/11\\\/project-details.jpg\",\"datePublished\":\"2023-12-24T01:41:05+00:00\",\"dateModified\":\"2023-12-24T15:50:13+00:00\",\"breadcrumb\":{\"@id\":\"https:\\\/\\\/drgulf.net\\\/index.php\\\/umman\\\/#breadcrumb\"},\"inLanguage\":\"tr\",\"potentialAction\":[{\"@type\":\"ReadAction\",\"target\":[\"https:\\\/\\\/drgulf.net\\\/index.php\\\/umman\\\/\"]}]},{\"@type\":\"ImageObject\",\"inLanguage\":\"tr\",\"@id\":\"https:\\\/\\\/drgulf.net\\\/index.php\\\/umman\\\/#primaryimage\",\"url\":\"http:\\\/\\\/drgulf.net\\\/wp-content\\\/uploads\\\/2023\\\/11\\\/project-details.jpg\",\"contentUrl\":\"http:\\\/\\\/drgulf.net\\\/wp-content\\\/uploads\\\/2023\\\/11\\\/project-details.jpg\"},{\"@type\":\"BreadcrumbList\",\"@id\":\"https:\\\/\\\/drgulf.net\\\/index.php\\\/umman\\\/#breadcrumb\",\"itemListElement\":[{\"@type\":\"ListItem\",\"position\":1,\"name\":\"Anasayfa\",\"item\":\"https:\\\/\\\/drgulf.net\\\/\"},{\"@type\":\"ListItem\",\"position\":2,\"name\":\"Umman\"}]},{\"@type\":\"WebSite\",\"@id\":\"https:\\\/\\\/drgulf.net\\\/#website\",\"url\":\"https:\\\/\\\/drgulf.net\\\/\",\"name\":\"drgulf.net\\\/\",\"description\":\"For Healthcare Specialist\",\"publisher\":{\"@id\":\"https:\\\/\\\/drgulf.net\\\/#organization\"},\"potentialAction\":[{\"@type\":\"SearchAction\",\"target\":{\"@type\":\"EntryPoint\",\"urlTemplate\":\"https:\\\/\\\/drgulf.net\\\/?s={search_term_string}\"},\"query-input\":{\"@type\":\"PropertyValueSpecification\",\"valueRequired\":true,\"valueName\":\"search_term_string\"}}],\"inLanguage\":\"tr\"},{\"@type\":\"Organization\",\"@id\":\"https:\\\/\\\/drgulf.net\\\/#organization\",\"name\":\"drgulf.net\\\/\",\"url\":\"https:\\\/\\\/drgulf.net\\\/\",\"logo\":{\"@type\":\"ImageObject\",\"inLanguage\":\"tr\",\"@id\":\"https:\\\/\\\/drgulf.net\\\/#\\\/schema\\\/logo\\\/image\\\/\",\"url\":\"https:\\\/\\\/drgulf.net\\\/wp-content\\\/uploads\\\/2023\\\/12\\\/siyah-1.png\",\"contentUrl\":\"https:\\\/\\\/drgulf.net\\\/wp-content\\\/uploads\\\/2023\\\/12\\\/siyah-1.png\",\"width\":3036,\"height\":1826,\"caption\":\"drgulf.net\\\/\"},\"image\":{\"@id\":\"https:\\\/\\\/drgulf.net\\\/#\\\/schema\\\/logo\\\/image\\\/\"},\"sameAs\":[\"https:\\\/\\\/www.facebook.com\\\/drgulf.job.1\\\/?paipv=0&eav=AfaGmxTvEMGNja4xXPYo5Hx7KR-pBLy1seTCwQxcHp8JKGZtMLl4ztk19_b9SR2pLI4&_rdr\",\"https:\\\/\\\/www.instagram.com\\\/drgulf\\\/\"]}]}<\/script>\n<!-- \/ Yoast SEO plugin. -->","yoast_head_json":{"title":"Umman - Gulf Region Vacancies Recruitment","robots":{"index":"index","follow":"follow","max-snippet":"max-snippet:-1","max-image-preview":"max-image-preview:large","max-video-preview":"max-video-preview:-1"},"canonical":"https:\/\/drgulf.net\/index.php\/umman\/","og_locale":"tr_TR","og_type":"article","og_title":"Umman - Gulf Region Vacancies Recruitment","og_description":"Dr. Gulf Umman&#8217;da Doktor Olmak \u0130leti\u015fim \u0130leti\u015fim Umman&#8217;da doktor olarak \u00e7al\u0131\u015fmak, sa\u011fl\u0131k alan\u0131nda kariyerini uluslararas\u0131 bir boyuta ta\u015f\u0131mak isteyen hekimler i\u00e7in benzersiz f\u0131rsatlar sunar. Umman, sa\u011fl\u0131k sekt\u00f6r\u00fcne s\u00fcrekli yat\u0131r\u0131m yapmakta ve h\u0131zla geli\u015fen sa\u011fl\u0131k altyap\u0131s\u0131yla dikkat \u00e7ekmektedir. Bu ba\u011flamda, Umman, yabanc\u0131 sa\u011fl\u0131k profesyonellerine \u00e7e\u015fitli kariyer olanaklar\u0131 sa\u011flamaktad\u0131r. Umman&#8217;da doktor olarak \u00e7al\u0131\u015fmak isteyen yabanc\u0131 uyruklu sa\u011fl\u0131k [&hellip;]","og_url":"https:\/\/drgulf.net\/index.php\/umman\/","og_site_name":"Gulf Region Vacancies Recruitment","article_publisher":"https:\/\/www.facebook.com\/drgulf.job.1\/?paipv=0&eav=AfaGmxTvEMGNja4xXPYo5Hx7KR-pBLy1seTCwQxcHp8JKGZtMLl4ztk19_b9SR2pLI4&_rdr","article_modified_time":"2023-12-24T15:50:13+00:00","og_image":[{"url":"http:\/\/drgulf.net\/wp-content\/uploads\/2023\/11\/project-details.jpg","type":"","width":"","height":""}],"twitter_card":"summary_large_image","twitter_misc":{"Tahmini okuma s\u00fcresi":"2 dakika"},"schema":{"@context":"https:\/\/schema.org","@graph":[{"@type":"WebPage","@id":"https:\/\/drgulf.net\/index.php\/umman\/","url":"https:\/\/drgulf.net\/index.php\/umman\/","name":"Umman - Gulf Region Vacancies Recruitment","isPartOf":{"@id":"https:\/\/drgulf.net\/#website"},"primaryImageOfPage":{"@id":"https:\/\/drgulf.net\/index.php\/umman\/#primaryimage"},"image":{"@id":"https:\/\/drgulf.net\/index.php\/umman\/#primaryimage"},"thumbnailUrl":"http:\/\/drgulf.net\/wp-content\/uploads\/2023\/11\/project-details.jpg","datePublished":"2023-12-24T01:41:05+00:00","dateModified":"2023-12-24T15:50:13+00:00","breadcrumb":{"@id":"https:\/\/drgulf.net\/index.php\/umman\/#breadcrumb"},"inLanguage":"tr","potentialAction":[{"@type":"ReadAction","target":["https:\/\/drgulf.net\/index.php\/umman\/"]}]},{"@type":"ImageObject","inLanguage":"tr","@id":"https:\/\/drgulf.net\/index.php\/umman\/#primaryimage","url":"http:\/\/drgulf.net\/wp-content\/uploads\/2023\/11\/project-details.jpg","contentUrl":"http:\/\/drgulf.net\/wp-content\/uploads\/2023\/11\/project-details.jpg"},{"@type":"BreadcrumbList","@id":"https:\/\/drgulf.net\/index.php\/umman\/#breadcrumb","itemListElement":[{"@type":"ListItem","position":1,"name":"Anasayfa","item":"https:\/\/drgulf.net\/"},{"@type":"ListItem","position":2,"name":"Umman"}]},{"@type":"WebSite","@id":"https:\/\/drgulf.net\/#website","url":"https:\/\/drgulf.net\/","name":"drgulf.net\/","description":"For Healthcare Specialist","publisher":{"@id":"https:\/\/drgulf.net\/#organization"},"potentialAction":[{"@type":"SearchAction","target":{"@type":"EntryPoint","urlTemplate":"https:\/\/drgulf.net\/?s={search_term_string}"},"query-input":{"@type":"PropertyValueSpecification","valueRequired":true,"valueName":"search_term_string"}}],"inLanguage":"tr"},{"@type":"Organization","@id":"https:\/\/drgulf.net\/#organization","name":"drgulf.net\/","url":"https:\/\/drgulf.net\/","logo":{"@type":"ImageObject","inLanguage":"tr","@id":"https:\/\/drgulf.net\/#\/schema\/logo\/image\/","url":"https:\/\/drgulf.net\/wp-content\/uploads\/2023\/12\/siyah-1.png","contentUrl":"https:\/\/drgulf.net\/wp-content\/uploads\/2023\/12\/siyah-1.png","width":3036,"height":1826,"caption":"drgulf.net\/"},"image":{"@id":"https:\/\/drgulf.net\/#\/schema\/logo\/image\/"},"sameAs":["https:\/\/www.facebook.com\/drgulf.job.1\/?paipv=0&eav=AfaGmxTvEMGNja4xXPYo5Hx7KR-pBLy1seTCwQxcHp8JKGZtMLl4ztk19_b9SR2pLI4&_rdr","https:\/\/www.instagram.com\/drgulf\/"]}]}},"_links":{"self":[{"href":"https:\/\/drgulf.net\/index.php\/wp-json\/wp\/v2\/pages\/2043","targetHints":{"allow":["GET"]}}],"collection":[{"href":"https:\/\/drgulf.net\/index.php\/wp-json\/wp\/v2\/pages"}],"about":[{"href":"https:\/\/drgulf.net\/index.php\/wp-json\/wp\/v2\/types\/page"}],"author":[{"embeddable":true,"href":"https:\/\/drgulf.net\/index.php\/wp-json\/wp\/v2\/users\/1"}],"replies":[{"embeddable":true,"href":"https:\/\/drgulf.net\/index.php\/wp-json\/wp\/v2\/comments?post=2043"}],"version-history":[{"count":10,"href":"https:\/\/drgulf.net\/index.php\/wp-json\/wp\/v2\/pages\/2043\/revisions"}],"predecessor-version":[{"id":2130,"href":"https:\/\/drgulf.net\/index.php\/wp-json\/wp\/v2\/pages\/2043\/revisions\/2130"}],"wp:attachment":[{"href":"https:\/\/drgulf.net\/index.php\/wp-json\/wp\/v2\/media?parent=2043"}],"curies":[{"name":"wp","href":"https:\/\/api.w.org\/{rel}","templated":true}]}}