{"id":2044,"date":"2023-12-24T05:32:36","date_gmt":"2023-12-24T02:32:36","guid":{"rendered":"https:\/\/drgulf.net\/?page_id=2044"},"modified":"2023-12-24T18:38:48","modified_gmt":"2023-12-24T15:38:48","slug":"suudi-arabistan","status":"publish","type":"page","link":"https:\/\/drgulf.net\/index.php\/suudi-arabistan\/","title":{"rendered":"Suudi Arabistan"},"content":{"rendered":"\t\t<div data-elementor-type=\"wp-page\" data-elementor-id=\"2044\" class=\"elementor elementor-2044\">\n\t\t\t\t<div class=\"elementor-element elementor-element-d929d8c e-con-full e-flex e-con e-parent\" data-id=\"d929d8c\" data-element_type=\"container\" data-e-type=\"container\">\n\t\t\t\t<div class=\"elementor-element elementor-element-f13313b elementor-widget elementor-widget-service_details\" data-id=\"f13313b\" data-element_type=\"widget\" data-e-type=\"widget\" data-widget_type=\"service_details.default\">\n\t\t\t\t<div class=\"elementor-widget-container\">\n\t\t\t\t\t\r\n\r\n\t <script>\r\n jQuery(document).ready(function($) {\r\n\r\n\/\/write js code under this line \r\n\r\n\r\n\/\/write code above the line \r\n\r\n  });\r\n<\/script>\r\n<!-- Service details area start -->\r\n\t<section class=\"service-details-area section-space\">\r\n\t\t<div class=\"container\">\r\n\t\t<div class=\"row align-items-center\">\r\n\t\t\t<div class=\"col-xxl-6 col-xl-6 col-lg-6\">\r\n\t\t\t\t<div class=\"section-title-wrapper-2 mb-15\">\r\n\t\t\t\t\t<span class=\"section-subtitle-2 mb-25\">Dr. Gulf<\/span>\r\n\t\t\t\t\t<h2 class=\"section-title\">Suudi Arabistan'da Doktorluk Yapmak<\/h2>\r\n\t\t\t\t<\/div>\r\n\t\t\t\t\t\t\t\t<a href=\"https:\/\/drgulf.net\/index.php\/iletisim\/\" class=\"fill-btn mt-40\">\r\n                     <span class=\"fill-btn-inner\">\r\n                        <span class=\"fill-btn-normal\">\u0130leti\u015fim<i class=\"fa-regular fa-angle-right\"><\/i><\/span>\r\n                        <span class=\"fill-btn-hover\">\u0130leti\u015fim<i class=\"fa-regular fa-angle-right\"><\/i><\/span>\r\n                     <\/span>\r\n                <\/a>\r\n\t\t\t\t\t\t\t<\/div>\r\n\t\t\t<div class=\"col-xxl-6 col-xl-6 col-lg-6\">\r\n\t\t\t\t<p>\nSuudi Arabistan'da doktor olarak \u00e7al\u0131\u015fmak, uluslararas\u0131 hekimler i\u00e7in cazip f\u0131rsatlar sunan bir kariyer yoludur. Suudi Arabistan, sa\u011fl\u0131k hizmetlerine b\u00fcy\u00fck yat\u0131r\u0131mlar yapmakta ve bu da yabanc\u0131 sa\u011fl\u0131k profesyonelleri i\u00e7in bir\u00e7ok i\u015f imkan\u0131 yaratmaktad\u0131r. Bu \u00fclkede doktor olarak \u00e7al\u0131\u015fmak isteyenlerin, \u00f6ncelikle Suudi Arabistan Sa\u011fl\u0131k Bakanl\u0131\u011f\u0131 taraf\u0131ndan tan\u0131nan bir t\u0131p diplomas\u0131na sahip olmalar\u0131 gerekmektedir.\n<br><br>\nDoktorlar i\u00e7in Suudi Arabistan'da \u00e7al\u0131\u015fma izni almak, genellikle i\u015fveren taraf\u0131ndan sa\u011flanan bir s\u00fcre\u00e7tir. \u0130\u015fveren, doktorun \u00e7al\u0131\u015fma ve ikamet iznini almak i\u00e7in gereken t\u00fcm prosed\u00fcrleri y\u00fcr\u00fct\u00fcr. Ayr\u0131ca, doktorlar Suudi Arabistan'daki mesleki standartlara uygun olarak, Suudi T\u0131p Lisanslama S\u0131nav\u0131 (Saudi Medical Licensing Exam - SMLE) gibi baz\u0131 s\u0131navlar\u0131 ge\u00e7mek zorunda olabilirler.\n<\/p>\r\n\t\t\t\t<p>Suudi Arabistan'da doktorlar genellikle hastanelerde, kliniklerde veya sa\u011fl\u0131k merkezlerinde \u00e7al\u0131\u015f\u0131rlar. \u00dclkede hem devlet hem de \u00f6zel sa\u011fl\u0131k sekt\u00f6rleri bulunmakta ve her ikisi de y\u00fcksek kaliteli sa\u011fl\u0131k hizmetleri sunmaktad\u0131r. Maa\u015flar ve \u00e7al\u0131\u015fma ko\u015fullar\u0131 genellikle uluslararas\u0131 standartlarda olup, genellikle konaklama, ula\u015f\u0131m ve bazen de e\u011fitim gibi ekstra yan haklar sa\u011flanmaktad\u0131r.\n<br><br>\nDr. Gulf bu s\u00fcre\u00e7te ba\u015ftan sona s\u00fcrecinizi kolayla\u015ft\u0131rmak amac\u0131 ile sizlere hizmet vermektedir.<\/p>\r\n\t\t\t<\/div>\r\n\t\t<\/div>\r\n\t\t<div class=\"row\">\r\n\t\t\t<div class=\"col-12\">\r\n\t\t\t\t<div class=\"service-details-thumb mt-80 mb-80\">\r\n\t\t\t\t\t<img decoding=\"async\" src=\"https:\/\/drgulf.net\/wp-content\/uploads\/2023\/11\/project-details.jpg\" alt=\"\"\/>\r\n\t\t\t\t<\/div>\r\n\t\t\t<\/div>\r\n\t\t<\/div>\r\n\t\t<div class=\"row\">\r\n\t\t\t<div class=\"col-xxl-6 col-xl-6 col-lg-6\">\r\n\t\t\t\t<div class=\"section-title-wrapper-2\">\r\n\t\t\t\t\t<h2 class=\"section-title\">Suudi Arabistan'da Kariyer F\u0131rsat\u0131<\/h2>\r\n\t\t\t\t<\/div>\r\n\t\t\t<\/div>\r\n\t\t\t<div class=\"col-xxl-6 col-xl-6 col-lg-6\">\r\n\t\t\t\t<p>Suudi Arabistan'da doktorluk yapmak isteyen adaylar i\u00e7in modern ve geli\u015fmi\u015f \u00e7al\u0131\u015fma ortamlar\u0131 sunulmaktad\u0131r.<br><br>Suudi Arabistan'da \u00e7al\u0131\u015fmak isteyen sa\u011fl\u0131k \u00e7al\u0131\u015fanlar\u0131 i\u00e7in ise daha refah d\u00fczeyi y\u00fcksek i\u015f imkanlar\u0131na sa\u011flanmaktad\u0131r.\n<br><br>Suudi Arabistan'da uygun kadrolar i\u00e7in bizimle ileti\u015fime ge\u00e7in. Dr. Gulf<\/p>\r\n\t\t\t\t<p><\/p>\r\n\t\t\t<\/div>\r\n\t\t<\/div>\r\n\t\t<\/div>\r\n\t<\/section>\r\n\t<!-- Service details area end -->\r\n             \r\n\t\t\t\t\t\t<\/div>\n\t\t\t\t<\/div>\n\t\t\t\t<\/div>\n\t\t<div class=\"elementor-element elementor-element-43c7bb9 e-con-full e-flex e-con e-parent\" data-id=\"43c7bb9\" data-element_type=\"container\" data-e-type=\"container\">\n\t\t\t\t<div class=\"elementor-element elementor-element-23f696f elementor-widget elementor-widget-benefit_tab\" data-id=\"23f696f\" data-element_type=\"widget\" data-e-type=\"widget\" data-widget_type=\"benefit_tab.default\">\n\t\t\t\t<div class=\"elementor-widget-container\">\n\t\t\t\t\t\r\n\r\n\t <script>\r\n jQuery(document).ready(function($) {\r\n\r\n\/\/write js code under this line \r\n\r\n\r\n\/\/write code above the line \r\n\r\n  });\r\n<\/script>\r\n   <!-- FAQ area start -->\r\n   <section class=\"faq__area section-space\">\r\n         <div class=\"container\">\r\n            <div class=\"row gy-50 wow fadeInUp\" data-wow-delay=\".3s\">\r\n               <div class=\"col-xxl-5 col-xl-5 col-lg-6\">\r\n                  <div class=\"faq__content bd-sticky\">\r\n                     <div class=\"section-title-wrapper-2 mb-15\">\r\n                        <span class=\"section-subtitle-2 mb-25\">Dr.Gulf<\/span>\r\n                        <h2 class=\"section-title\">Suudi Arabistan \u0130\u00e7in S\u0131k\u00e7a Sorulan Sorular<\/h2>\r\n                     <\/div>\r\n                     <p class=\"mb-40\"><\/p>\r\n                     <a href=\"https:\/\/drgulf.net\/index.php\/iletisim\/\" class=\"fill-btn\">\r\n                        <span class=\"fill-btn-inner\">\r\n                           <span class=\"fill-btn-normal\">\u0130leti\u015fim<i class=\"fa-regular fa-angle-right\"><\/i><\/span>\r\n                           <span class=\"fill-btn-hover\">\u0130leti\u015fim<i class=\"fa-regular fa-angle-right\"><\/i><\/span>\r\n                        <\/span>\r\n                     <\/a>\r\n                  <\/div>\r\n               <\/div>\r\n               <div class=\"col-xxl-7 col-xl-7 col-lg-6\">\r\n                  <div class=\"bd__faq\">\r\n\t\t\t\t  \t\t\t\t\t<div class=\"accordion-item\">\r\n\t\t\t\t\t\t<h2 class=\"accordion-header\" id=\"heading2f87939-st-2\">\r\n\t\t\t\t\t\t\t<button class=\"accordion-button \" type=\"button\" data-bs-toggle=\"collapse\"\r\n\t\t\t\t\t\t\tdata-bs-target=\"#collapse2f87939-st-2\" aria-expanded=\"true\"\r\n\t\t\t\t\t\t\taria-controls=\"collapse2f87939-st-2\">\r\n\t\t\t\t\t\t\t\r\n\t\t\t\t\t\t\tSuudi Arabistan'da doktor maa\u015flar\u0131 ne kadard\u0131r?\t\t\t\t\t\t\t<\/button>\r\n\t\t\t\t\t\t<\/h2>\r\n\t\t\t\t\t\t<div id=\"collapse2f87939-st-2\" class=\"accordion-collapse collapse show\"\r\n\t\t\t\t\t\t\taria-labelledby=\"heading2f87939-st-2\" data-bs-parent=\"#accordionExample-st-2subtitlefaq-2050052527\">\r\n\t\t\t\t\t\t\t<div class=\"accordion-body\">\r\n\t\t\t\t\t\t\tSuudi Arabistan'da \u00e7al\u0131\u015facak doktorlar uzmanl\u0131k alanlar\u0131na g\u00f6re 10.000 USD ile 30.000 USD aras\u0131nda ayl\u0131k kazan\u00e7 sa\u011flamaktad\u0131rlar.\t\t\t\t\t\t\t<\/div>\r\n\t\t\t\t\t\t<\/div>\r\n\t\t\t\t\t<\/div>\r\n\t\t\t\t\t\t\t\t\t\t<div class=\"accordion-item\">\r\n\t\t\t\t\t\t<h2 class=\"accordion-header\" id=\"heading060635d-st-2\">\r\n\t\t\t\t\t\t\t<button class=\"accordion-button collapsed\" type=\"button\" data-bs-toggle=\"collapse\"\r\n\t\t\t\t\t\t\tdata-bs-target=\"#collapse060635d-st-2\" aria-expanded=\"true\"\r\n\t\t\t\t\t\t\taria-controls=\"collapse060635d-st-2\">\r\n\t\t\t\t\t\t\t\r\n\t\t\t\t\t\t\tSuudi Arabistanda doktorlar\u0131n yan haklar\u0131 nelerdir?\t\t\t\t\t\t\t<\/button>\r\n\t\t\t\t\t\t<\/h2>\r\n\t\t\t\t\t\t<div id=\"collapse060635d-st-2\" class=\"accordion-collapse collapse \"\r\n\t\t\t\t\t\t\taria-labelledby=\"heading060635d-st-2\" data-bs-parent=\"#accordionExample-st-2subtitlefaq-2050052527\">\r\n\t\t\t\t\t\t\t<div class=\"accordion-body\">\r\n\t\t\t\t\t\t\tPek \u00e7ok k\u00f6rfez \u00fclkesinde oldu\u011fu gibi Suudi Arabistanda da hastane ve klinikler sizlere konaklama e\u011fitim deste\u011fi ve fatura deste\u011fi sa\u011flamaktad\u0131rlar.\t\t\t\t\t\t\t<\/div>\r\n\t\t\t\t\t\t<\/div>\r\n\t\t\t\t\t<\/div>\r\n\t\t\t\t\t\t\t\t\t\t<div class=\"accordion-item\">\r\n\t\t\t\t\t\t<h2 class=\"accordion-header\" id=\"headinge3ee6a2-st-2\">\r\n\t\t\t\t\t\t\t<button class=\"accordion-button collapsed\" type=\"button\" data-bs-toggle=\"collapse\"\r\n\t\t\t\t\t\t\tdata-bs-target=\"#collapsee3ee6a2-st-2\" aria-expanded=\"true\"\r\n\t\t\t\t\t\t\taria-controls=\"collapsee3ee6a2-st-2\">\r\n\t\t\t\t\t\t\t\r\n\t\t\t\t\t\t\tSuudi Arabistan'da sa\u011fl\u0131k \u00e7al\u0131\u015fanlar\u0131 ortalama ka\u00e7 saat \u00e7al\u0131\u015f\u0131r?\t\t\t\t\t\t\t<\/button>\r\n\t\t\t\t\t\t<\/h2>\r\n\t\t\t\t\t\t<div id=\"collapsee3ee6a2-st-2\" class=\"accordion-collapse collapse \"\r\n\t\t\t\t\t\t\taria-labelledby=\"headinge3ee6a2-st-2\" data-bs-parent=\"#accordionExample-st-2subtitlefaq-2050052527\">\r\n\t\t\t\t\t\t\t<div class=\"accordion-body\">\r\n\t\t\t\t\t\t\tSuudi Arabistan'da \u00e7al\u0131\u015fmak isteyen sa\u011fl\u0131k \u00e7al\u0131\u015fanlar\u0131 ortalam olarak devlete ba\u011fl\u0131 kurumlarda haftal\u0131k 40 saat \u00f6zel kurumlarda ise 48 saat \u00e7al\u0131\u015fmaktad\u0131rlar.\t\t\t\t\t\t\t<\/div>\r\n\t\t\t\t\t\t<\/div>\r\n\t\t\t\t\t<\/div>\r\n\t\t\t\t\t\t\t\t\t\t<div class=\"accordion-item\">\r\n\t\t\t\t\t\t<h2 class=\"accordion-header\" id=\"headingaca7d89-st-2\">\r\n\t\t\t\t\t\t\t<button class=\"accordion-button collapsed\" type=\"button\" data-bs-toggle=\"collapse\"\r\n\t\t\t\t\t\t\tdata-bs-target=\"#collapseaca7d89-st-2\" aria-expanded=\"true\"\r\n\t\t\t\t\t\t\taria-controls=\"collapseaca7d89-st-2\">\r\n\t\t\t\t\t\t\t\r\n\t\t\t\t\t\t\tSuudi Arabistan'da \u00e7al\u0131\u015fmak i\u00e7in hangi dilleri bilmem gerekiyor?\t\t\t\t\t\t\t<\/button>\r\n\t\t\t\t\t\t<\/h2>\r\n\t\t\t\t\t\t<div id=\"collapseaca7d89-st-2\" class=\"accordion-collapse collapse \"\r\n\t\t\t\t\t\t\taria-labelledby=\"headingaca7d89-st-2\" data-bs-parent=\"#accordionExample-st-2subtitlefaq-2050052527\">\r\n\t\t\t\t\t\t\t<div class=\"accordion-body\">\r\n\t\t\t\t\t\t\tSuudi Arabistan'da \u00e7al\u0131\u015fmak isteyen sa\u011fl\u0131k \u00e7al\u0131\u015fanlar\u0131 B2 d\u00fczeyinde ingilizce bilgisine sahip olmalar\u0131 yeterlidir.\t\t\t\t\t\t\t<\/div>\r\n\t\t\t\t\t\t<\/div>\r\n\t\t\t\t\t<\/div>\r\n\t\t\t\t\t                  <\/div>\r\n               <\/div>\r\n            <\/div>\r\n         <\/div>\r\n      <\/section>\r\n      <!-- FAQ area end -->\r\n\t\r\n\r\n\r\n\r\n             \r\n\t\t\t\t\t\t<\/div>\n\t\t\t\t<\/div>\n\t\t\t\t<\/div>\n\t\t\t\t<\/div>\n\t\t","protected":false},"excerpt":{"rendered":"<p>Dr. Gulf Suudi Arabistan&#8217;da Doktorluk Yapmak \u0130leti\u015fim \u0130leti\u015fim Suudi Arabistan&#8217;da doktor olarak \u00e7al\u0131\u015fmak, uluslararas\u0131 hekimler i\u00e7in cazip f\u0131rsatlar sunan bir kariyer yoludur. Suudi Arabistan, sa\u011fl\u0131k hizmetlerine b\u00fcy\u00fck yat\u0131r\u0131mlar yapmakta ve bu da yabanc\u0131 sa\u011fl\u0131k profesyonelleri i\u00e7in bir\u00e7ok i\u015f imkan\u0131 yaratmaktad\u0131r. Bu \u00fclkede doktor olarak \u00e7al\u0131\u015fmak isteyenlerin, \u00f6ncelikle Suudi Arabistan Sa\u011fl\u0131k Bakanl\u0131\u011f\u0131 taraf\u0131ndan tan\u0131nan bir t\u0131p [&hellip;]<\/p>\n","protected":false},"author":1,"featured_media":0,"parent":0,"menu_order":0,"comment_status":"closed","ping_status":"closed","template":"elementor_header_footer","meta":{"inline_featured_image":false,"footnotes":""},"class_list":["post-2044","page","type-page","status-publish","hentry"],"yoast_head":"<!-- This site is optimized with the Yoast SEO plugin v27.4 - https:\/\/yoast.com\/product\/yoast-seo-wordpress\/ -->\n<title>Suudi Arabistan - Gulf Region Vacancies Recruitment<\/title>\n<meta name=\"robots\" content=\"index, follow, max-snippet:-1, max-image-preview:large, max-video-preview:-1\" \/>\n<link rel=\"canonical\" href=\"https:\/\/drgulf.net\/index.php\/suudi-arabistan\/\" \/>\n<meta property=\"og:locale\" content=\"tr_TR\" \/>\n<meta property=\"og:type\" content=\"article\" \/>\n<meta property=\"og:title\" content=\"Suudi Arabistan - Gulf Region Vacancies Recruitment\" \/>\n<meta property=\"og:description\" content=\"Dr. Gulf Suudi Arabistan&#8217;da Doktorluk Yapmak \u0130leti\u015fim \u0130leti\u015fim Suudi Arabistan&#8217;da doktor olarak \u00e7al\u0131\u015fmak, uluslararas\u0131 hekimler i\u00e7in cazip f\u0131rsatlar sunan bir kariyer yoludur. Suudi Arabistan, sa\u011fl\u0131k hizmetlerine b\u00fcy\u00fck yat\u0131r\u0131mlar yapmakta ve bu da yabanc\u0131 sa\u011fl\u0131k profesyonelleri i\u00e7in bir\u00e7ok i\u015f imkan\u0131 yaratmaktad\u0131r. Bu \u00fclkede doktor olarak \u00e7al\u0131\u015fmak isteyenlerin, \u00f6ncelikle Suudi Arabistan Sa\u011fl\u0131k Bakanl\u0131\u011f\u0131 taraf\u0131ndan tan\u0131nan bir t\u0131p [&hellip;]\" \/>\n<meta property=\"og:url\" content=\"https:\/\/drgulf.net\/index.php\/suudi-arabistan\/\" \/>\n<meta property=\"og:site_name\" content=\"Gulf Region Vacancies Recruitment\" \/>\n<meta property=\"article:publisher\" content=\"https:\/\/www.facebook.com\/drgulf.job.1\/?paipv=0&amp;eav=AfaGmxTvEMGNja4xXPYo5Hx7KR-pBLy1seTCwQxcHp8JKGZtMLl4ztk19_b9SR2pLI4&amp;_rdr\" \/>\n<meta property=\"article:modified_time\" content=\"2023-12-24T15:38:48+00:00\" \/>\n<meta property=\"og:image\" content=\"http:\/\/drgulf.net\/wp-content\/uploads\/2023\/11\/project-details.jpg\" \/>\n<meta name=\"twitter:card\" content=\"summary_large_image\" \/>\n<meta name=\"twitter:label1\" content=\"Tahmini okuma s\u00fcresi\" \/>\n\t<meta name=\"twitter:data1\" content=\"2 dakika\" \/>\n<script type=\"application\/ld+json\" class=\"yoast-schema-graph\">{\"@context\":\"https:\\\/\\\/schema.org\",\"@graph\":[{\"@type\":\"WebPage\",\"@id\":\"https:\\\/\\\/drgulf.net\\\/index.php\\\/suudi-arabistan\\\/\",\"url\":\"https:\\\/\\\/drgulf.net\\\/index.php\\\/suudi-arabistan\\\/\",\"name\":\"Suudi Arabistan - Gulf Region Vacancies Recruitment\",\"isPartOf\":{\"@id\":\"https:\\\/\\\/drgulf.net\\\/#website\"},\"primaryImageOfPage\":{\"@id\":\"https:\\\/\\\/drgulf.net\\\/index.php\\\/suudi-arabistan\\\/#primaryimage\"},\"image\":{\"@id\":\"https:\\\/\\\/drgulf.net\\\/index.php\\\/suudi-arabistan\\\/#primaryimage\"},\"thumbnailUrl\":\"http:\\\/\\\/drgulf.net\\\/wp-content\\\/uploads\\\/2023\\\/11\\\/project-details.jpg\",\"datePublished\":\"2023-12-24T02:32:36+00:00\",\"dateModified\":\"2023-12-24T15:38:48+00:00\",\"breadcrumb\":{\"@id\":\"https:\\\/\\\/drgulf.net\\\/index.php\\\/suudi-arabistan\\\/#breadcrumb\"},\"inLanguage\":\"tr\",\"potentialAction\":[{\"@type\":\"ReadAction\",\"target\":[\"https:\\\/\\\/drgulf.net\\\/index.php\\\/suudi-arabistan\\\/\"]}]},{\"@type\":\"ImageObject\",\"inLanguage\":\"tr\",\"@id\":\"https:\\\/\\\/drgulf.net\\\/index.php\\\/suudi-arabistan\\\/#primaryimage\",\"url\":\"http:\\\/\\\/drgulf.net\\\/wp-content\\\/uploads\\\/2023\\\/11\\\/project-details.jpg\",\"contentUrl\":\"http:\\\/\\\/drgulf.net\\\/wp-content\\\/uploads\\\/2023\\\/11\\\/project-details.jpg\"},{\"@type\":\"BreadcrumbList\",\"@id\":\"https:\\\/\\\/drgulf.net\\\/index.php\\\/suudi-arabistan\\\/#breadcrumb\",\"itemListElement\":[{\"@type\":\"ListItem\",\"position\":1,\"name\":\"Anasayfa\",\"item\":\"https:\\\/\\\/drgulf.net\\\/\"},{\"@type\":\"ListItem\",\"position\":2,\"name\":\"Suudi Arabistan\"}]},{\"@type\":\"WebSite\",\"@id\":\"https:\\\/\\\/drgulf.net\\\/#website\",\"url\":\"https:\\\/\\\/drgulf.net\\\/\",\"name\":\"drgulf.net\\\/\",\"description\":\"For Healthcare Specialist\",\"publisher\":{\"@id\":\"https:\\\/\\\/drgulf.net\\\/#organization\"},\"potentialAction\":[{\"@type\":\"SearchAction\",\"target\":{\"@type\":\"EntryPoint\",\"urlTemplate\":\"https:\\\/\\\/drgulf.net\\\/?s={search_term_string}\"},\"query-input\":{\"@type\":\"PropertyValueSpecification\",\"valueRequired\":true,\"valueName\":\"search_term_string\"}}],\"inLanguage\":\"tr\"},{\"@type\":\"Organization\",\"@id\":\"https:\\\/\\\/drgulf.net\\\/#organization\",\"name\":\"drgulf.net\\\/\",\"url\":\"https:\\\/\\\/drgulf.net\\\/\",\"logo\":{\"@type\":\"ImageObject\",\"inLanguage\":\"tr\",\"@id\":\"https:\\\/\\\/drgulf.net\\\/#\\\/schema\\\/logo\\\/image\\\/\",\"url\":\"https:\\\/\\\/drgulf.net\\\/wp-content\\\/uploads\\\/2023\\\/12\\\/siyah-1.png\",\"contentUrl\":\"https:\\\/\\\/drgulf.net\\\/wp-content\\\/uploads\\\/2023\\\/12\\\/siyah-1.png\",\"width\":3036,\"height\":1826,\"caption\":\"drgulf.net\\\/\"},\"image\":{\"@id\":\"https:\\\/\\\/drgulf.net\\\/#\\\/schema\\\/logo\\\/image\\\/\"},\"sameAs\":[\"https:\\\/\\\/www.facebook.com\\\/drgulf.job.1\\\/?paipv=0&eav=AfaGmxTvEMGNja4xXPYo5Hx7KR-pBLy1seTCwQxcHp8JKGZtMLl4ztk19_b9SR2pLI4&_rdr\",\"https:\\\/\\\/www.instagram.com\\\/drgulf\\\/\"]}]}<\/script>\n<!-- \/ Yoast SEO plugin. -->","yoast_head_json":{"title":"Suudi Arabistan - Gulf Region Vacancies Recruitment","robots":{"index":"index","follow":"follow","max-snippet":"max-snippet:-1","max-image-preview":"max-image-preview:large","max-video-preview":"max-video-preview:-1"},"canonical":"https:\/\/drgulf.net\/index.php\/suudi-arabistan\/","og_locale":"tr_TR","og_type":"article","og_title":"Suudi Arabistan - Gulf Region Vacancies Recruitment","og_description":"Dr. Gulf Suudi Arabistan&#8217;da Doktorluk Yapmak \u0130leti\u015fim \u0130leti\u015fim Suudi Arabistan&#8217;da doktor olarak \u00e7al\u0131\u015fmak, uluslararas\u0131 hekimler i\u00e7in cazip f\u0131rsatlar sunan bir kariyer yoludur. Suudi Arabistan, sa\u011fl\u0131k hizmetlerine b\u00fcy\u00fck yat\u0131r\u0131mlar yapmakta ve bu da yabanc\u0131 sa\u011fl\u0131k profesyonelleri i\u00e7in bir\u00e7ok i\u015f imkan\u0131 yaratmaktad\u0131r. Bu \u00fclkede doktor olarak \u00e7al\u0131\u015fmak isteyenlerin, \u00f6ncelikle Suudi Arabistan Sa\u011fl\u0131k Bakanl\u0131\u011f\u0131 taraf\u0131ndan tan\u0131nan bir t\u0131p [&hellip;]","og_url":"https:\/\/drgulf.net\/index.php\/suudi-arabistan\/","og_site_name":"Gulf Region Vacancies Recruitment","article_publisher":"https:\/\/www.facebook.com\/drgulf.job.1\/?paipv=0&eav=AfaGmxTvEMGNja4xXPYo5Hx7KR-pBLy1seTCwQxcHp8JKGZtMLl4ztk19_b9SR2pLI4&_rdr","article_modified_time":"2023-12-24T15:38:48+00:00","og_image":[{"url":"http:\/\/drgulf.net\/wp-content\/uploads\/2023\/11\/project-details.jpg","type":"","width":"","height":""}],"twitter_card":"summary_large_image","twitter_misc":{"Tahmini okuma s\u00fcresi":"2 dakika"},"schema":{"@context":"https:\/\/schema.org","@graph":[{"@type":"WebPage","@id":"https:\/\/drgulf.net\/index.php\/suudi-arabistan\/","url":"https:\/\/drgulf.net\/index.php\/suudi-arabistan\/","name":"Suudi Arabistan - Gulf Region Vacancies Recruitment","isPartOf":{"@id":"https:\/\/drgulf.net\/#website"},"primaryImageOfPage":{"@id":"https:\/\/drgulf.net\/index.php\/suudi-arabistan\/#primaryimage"},"image":{"@id":"https:\/\/drgulf.net\/index.php\/suudi-arabistan\/#primaryimage"},"thumbnailUrl":"http:\/\/drgulf.net\/wp-content\/uploads\/2023\/11\/project-details.jpg","datePublished":"2023-12-24T02:32:36+00:00","dateModified":"2023-12-24T15:38:48+00:00","breadcrumb":{"@id":"https:\/\/drgulf.net\/index.php\/suudi-arabistan\/#breadcrumb"},"inLanguage":"tr","potentialAction":[{"@type":"ReadAction","target":["https:\/\/drgulf.net\/index.php\/suudi-arabistan\/"]}]},{"@type":"ImageObject","inLanguage":"tr","@id":"https:\/\/drgulf.net\/index.php\/suudi-arabistan\/#primaryimage","url":"http:\/\/drgulf.net\/wp-content\/uploads\/2023\/11\/project-details.jpg","contentUrl":"http:\/\/drgulf.net\/wp-content\/uploads\/2023\/11\/project-details.jpg"},{"@type":"BreadcrumbList","@id":"https:\/\/drgulf.net\/index.php\/suudi-arabistan\/#breadcrumb","itemListElement":[{"@type":"ListItem","position":1,"name":"Anasayfa","item":"https:\/\/drgulf.net\/"},{"@type":"ListItem","position":2,"name":"Suudi Arabistan"}]},{"@type":"WebSite","@id":"https:\/\/drgulf.net\/#website","url":"https:\/\/drgulf.net\/","name":"drgulf.net\/","description":"For Healthcare Specialist","publisher":{"@id":"https:\/\/drgulf.net\/#organization"},"potentialAction":[{"@type":"SearchAction","target":{"@type":"EntryPoint","urlTemplate":"https:\/\/drgulf.net\/?s={search_term_string}"},"query-input":{"@type":"PropertyValueSpecification","valueRequired":true,"valueName":"search_term_string"}}],"inLanguage":"tr"},{"@type":"Organization","@id":"https:\/\/drgulf.net\/#organization","name":"drgulf.net\/","url":"https:\/\/drgulf.net\/","logo":{"@type":"ImageObject","inLanguage":"tr","@id":"https:\/\/drgulf.net\/#\/schema\/logo\/image\/","url":"https:\/\/drgulf.net\/wp-content\/uploads\/2023\/12\/siyah-1.png","contentUrl":"https:\/\/drgulf.net\/wp-content\/uploads\/2023\/12\/siyah-1.png","width":3036,"height":1826,"caption":"drgulf.net\/"},"image":{"@id":"https:\/\/drgulf.net\/#\/schema\/logo\/image\/"},"sameAs":["https:\/\/www.facebook.com\/drgulf.job.1\/?paipv=0&eav=AfaGmxTvEMGNja4xXPYo5Hx7KR-pBLy1seTCwQxcHp8JKGZtMLl4ztk19_b9SR2pLI4&_rdr","https:\/\/www.instagram.com\/drgulf\/"]}]}},"_links":{"self":[{"href":"https:\/\/drgulf.net\/index.php\/wp-json\/wp\/v2\/pages\/2044","targetHints":{"allow":["GET"]}}],"collection":[{"href":"https:\/\/drgulf.net\/index.php\/wp-json\/wp\/v2\/pages"}],"about":[{"href":"https:\/\/drgulf.net\/index.php\/wp-json\/wp\/v2\/types\/page"}],"author":[{"embeddable":true,"href":"https:\/\/drgulf.net\/index.php\/wp-json\/wp\/v2\/users\/1"}],"replies":[{"embeddable":true,"href":"https:\/\/drgulf.net\/index.php\/wp-json\/wp\/v2\/comments?post=2044"}],"version-history":[{"count":9,"href":"https:\/\/drgulf.net\/index.php\/wp-json\/wp\/v2\/pages\/2044\/revisions"}],"predecessor-version":[{"id":2126,"href":"https:\/\/drgulf.net\/index.php\/wp-json\/wp\/v2\/pages\/2044\/revisions\/2126"}],"wp:attachment":[{"href":"https:\/\/drgulf.net\/index.php\/wp-json\/wp\/v2\/media?parent=2044"}],"curies":[{"name":"wp","href":"https:\/\/api.w.org\/{rel}","templated":true}]}}