{"id":2061,"date":"2023-12-22T06:46:25","date_gmt":"2023-12-22T03:46:25","guid":{"rendered":"https:\/\/drgulf.net\/?page_id=2061"},"modified":"2023-12-26T23:43:47","modified_gmt":"2023-12-26T20:43:47","slug":"birlesik-arap-emirlikleri","status":"publish","type":"page","link":"https:\/\/drgulf.net\/index.php\/birlesik-arap-emirlikleri\/","title":{"rendered":"Birle\u015fik Arap Emirlikleri"},"content":{"rendered":"\t\t<div data-elementor-type=\"wp-page\" data-elementor-id=\"2061\" class=\"elementor elementor-2061\">\n\t\t\t\t<div class=\"elementor-element elementor-element-d929d8c e-con-full e-flex e-con e-parent\" data-id=\"d929d8c\" data-element_type=\"container\" data-e-type=\"container\">\n\t\t\t\t<div class=\"elementor-element elementor-element-f13313b elementor-widget elementor-widget-service_details\" data-id=\"f13313b\" data-element_type=\"widget\" data-e-type=\"widget\" data-widget_type=\"service_details.default\">\n\t\t\t\t<div class=\"elementor-widget-container\">\n\t\t\t\t\t\r\n\r\n\t <script>\r\n jQuery(document).ready(function($) {\r\n\r\n\/\/write js code under this line \r\n\r\n\r\n\/\/write code above the line \r\n\r\n  });\r\n<\/script>\r\n<!-- Service details area start -->\r\n\t<section class=\"service-details-area section-space\">\r\n\t\t<div class=\"container\">\r\n\t\t<div class=\"row align-items-center\">\r\n\t\t\t<div class=\"col-xxl-6 col-xl-6 col-lg-6\">\r\n\t\t\t\t<div class=\"section-title-wrapper-2 mb-15\">\r\n\t\t\t\t\t<span class=\"section-subtitle-2 mb-25\">Dr. Gulf<\/span>\r\n\t\t\t\t\t<h2 class=\"section-title\">Birle\u015fik Arap Emirliklerinde Doktorluk Yapmak<\/h2>\r\n\t\t\t\t<\/div>\r\n\t\t\t\t\t\t\t\t<a href=\"https:\/\/drgulf.net\/index.php\/iletisim\/\" class=\"fill-btn mt-40\">\r\n                     <span class=\"fill-btn-inner\">\r\n                        <span class=\"fill-btn-normal\">\u0130leti\u015fim<i class=\"fa-regular fa-angle-right\"><\/i><\/span>\r\n                        <span class=\"fill-btn-hover\">\u0130leti\u015fim<i class=\"fa-regular fa-angle-right\"><\/i><\/span>\r\n                     <\/span>\r\n                <\/a>\r\n\t\t\t\t\t\t\t<\/div>\r\n\t\t\t<div class=\"col-xxl-6 col-xl-6 col-lg-6\">\r\n\t\t\t\t<p>Birle\u015fik Arap Emirlikleri (BAE), Orta Do\u011fu'da yer alan ve modern sa\u011fl\u0131k hizmetleriyle tan\u0131nan bir b\u00f6lgedir. Sa\u011fl\u0131k sekt\u00f6r\u00fc, ileri teknolojiye sahip tesisler, d\u00fcnya standartlar\u0131nda sa\u011fl\u0131k hizmetleri ve uluslararas\u0131 d\u00fczeyde nitelikli sa\u011fl\u0131k profesyonelleri ile dikkat \u00e7eker.<\/p>\r\n\t\t\t\t<p>Dubai'de doktor olarak \u00e7al\u0131\u015fmak i\u00e7in belirli \u015fartlar bulunmaktad\u0131r. Sa\u011fl\u0131k sekt\u00f6r\u00fcndeki d\u00fczenlemelere uyum sa\u011flamak amac\u0131yla lisans ve uzmanl\u0131k alan\u0131n\u0131za y\u00f6nelik belgelerle ba\u015fvuruda bulunman\u0131z gerekmektedir.\n<br><br>\nBu s\u00fcrece ba\u015flarken lisanslama evrak onay ve do\u011fru i\u015fin bulunmas\u0131 s\u00fcrecinde Dr. Gulf rehberlik eder ve i\u015fe ba\u015flama srecini kolayla\u015ft\u0131rman\u0131za yard\u0131mc\u0131 oalcakt\u0131r\n\n \n\nDrGulf Vacancies, bu s\u00fcre\u00e7te size rehberlik ederek ba\u015fvuru s\u00fcrecinizi kolayla\u015ft\u0131rman\u0131za yard\u0131mc\u0131 olacakt\u0131r.<\/p>\r\n\t\t\t<\/div>\r\n\t\t<\/div>\r\n\t\t<div class=\"row\">\r\n\t\t\t<div class=\"col-12\">\r\n\t\t\t\t<div class=\"service-details-thumb mt-80 mb-80\">\r\n\t\t\t\t\t<img decoding=\"async\" src=\"https:\/\/drgulf.net\/wp-content\/uploads\/2023\/11\/project-details.jpg\" alt=\"\"\/>\r\n\t\t\t\t<\/div>\r\n\t\t\t<\/div>\r\n\t\t<\/div>\r\n\t\t<div class=\"row\">\r\n\t\t\t<div class=\"col-xxl-6 col-xl-6 col-lg-6\">\r\n\t\t\t\t<div class=\"section-title-wrapper-2\">\r\n\t\t\t\t\t<h2 class=\"section-title\">Uzmanl\u0131k Alanlar\u0131 ve Kariyer F\u0131rsatlar\u0131<\/h2>\r\n\t\t\t\t<\/div>\r\n\t\t\t<\/div>\r\n\t\t\t<div class=\"col-xxl-6 col-xl-6 col-lg-6\">\r\n\t\t\t\t<p>BAE, geni\u015f bir sa\u011fl\u0131k alan\u0131nda \u00e7e\u015fitli uzmanl\u0131k alanlar\u0131na sahip sa\u011fl\u0131k profesyonellerine ihtiya\u00e7 duyar. Hem\u015firelerden doktorlara, di\u015f hekimlerinden teknik personele kadar bir\u00e7ok farkl\u0131 uzmanl\u0131k alan\u0131nda kariyer f\u0131rsatlar\u0131 sunulmaktad\u0131r.<\/p>\r\n\t\t\t\t<p><\/p>\r\n\t\t\t<\/div>\r\n\t\t<\/div>\r\n\t\t<\/div>\r\n\t<\/section>\r\n\t<!-- Service details area end -->\r\n             \r\n\t\t\t\t\t\t<\/div>\n\t\t\t\t<\/div>\n\t\t\t\t<\/div>\n\t\t<div class=\"elementor-element elementor-element-43c7bb9 e-con-full e-flex e-con e-parent\" data-id=\"43c7bb9\" data-element_type=\"container\" data-e-type=\"container\">\n\t\t\t\t<div class=\"elementor-element elementor-element-23f696f elementor-widget elementor-widget-benefit_tab\" data-id=\"23f696f\" data-element_type=\"widget\" data-e-type=\"widget\" data-widget_type=\"benefit_tab.default\">\n\t\t\t\t<div class=\"elementor-widget-container\">\n\t\t\t\t\t\r\n\r\n\t <script>\r\n jQuery(document).ready(function($) {\r\n\r\n\/\/write js code under this line \r\n\r\n\r\n\/\/write code above the line \r\n\r\n  });\r\n<\/script>\r\n   <!-- FAQ area start -->\r\n   <section class=\"faq__area section-space\">\r\n         <div class=\"container\">\r\n            <div class=\"row gy-50 wow fadeInUp\" data-wow-delay=\".3s\">\r\n               <div class=\"col-xxl-5 col-xl-5 col-lg-6\">\r\n                  <div class=\"faq__content bd-sticky\">\r\n                     <div class=\"section-title-wrapper-2 mb-15\">\r\n                        <span class=\"section-subtitle-2 mb-25\">READ FAQ<\/span>\r\n                        <h2 class=\"section-title\">Birle\u015fik Arap Emirlikleri Hakk\u0131nda Merak Edilenler<\/h2>\r\n                     <\/div>\r\n                     <p class=\"mb-40\"><\/p>\r\n                     <a href=\"https:\/\/drgulf.net\/index.php\/iletisim\/\" class=\"fill-btn\">\r\n                        <span class=\"fill-btn-inner\">\r\n                           <span class=\"fill-btn-normal\">\u0130leti\u015fim<i class=\"fa-regular fa-angle-right\"><\/i><\/span>\r\n                           <span class=\"fill-btn-hover\">\u0130leti\u015fim<i class=\"fa-regular fa-angle-right\"><\/i><\/span>\r\n                        <\/span>\r\n                     <\/a>\r\n                  <\/div>\r\n               <\/div>\r\n               <div class=\"col-xxl-7 col-xl-7 col-lg-6\">\r\n                  <div class=\"bd__faq\">\r\n\t\t\t\t  \t\t\t\t\t<div class=\"accordion-item\">\r\n\t\t\t\t\t\t<h2 class=\"accordion-header\" id=\"heading2f87939-st-2\">\r\n\t\t\t\t\t\t\t<button class=\"accordion-button \" type=\"button\" data-bs-toggle=\"collapse\"\r\n\t\t\t\t\t\t\tdata-bs-target=\"#collapse2f87939-st-2\" aria-expanded=\"true\"\r\n\t\t\t\t\t\t\taria-controls=\"collapse2f87939-st-2\">\r\n\t\t\t\t\t\t\t\r\n\t\t\t\t\t\t\tBirle\u015fik Arap Emirliklerinde doktor maa\u015flar\u0131 ne kadar?\t\t\t\t\t\t\t<\/button>\r\n\t\t\t\t\t\t<\/h2>\r\n\t\t\t\t\t\t<div id=\"collapse2f87939-st-2\" class=\"accordion-collapse collapse show\"\r\n\t\t\t\t\t\t\taria-labelledby=\"heading2f87939-st-2\" data-bs-parent=\"#accordionExample-st-2subtitlefaq-338710788\">\r\n\t\t\t\t\t\t\t<div class=\"accordion-body\">\r\n\t\t\t\t\t\t\tBirle\u015fik Arap Emirliklerinde \u00f6zellikle Dubai'de doktor maa\u015flar\u0131 ayl\u0131k 7.000 USD  30.000 USD aral\u0131\u011f\u0131ndad\u0131r.\t\t\t\t\t\t\t<\/div>\r\n\t\t\t\t\t\t<\/div>\r\n\t\t\t\t\t<\/div>\r\n\t\t\t\t\t\t\t\t\t\t<div class=\"accordion-item\">\r\n\t\t\t\t\t\t<h2 class=\"accordion-header\" id=\"heading060635d-st-2\">\r\n\t\t\t\t\t\t\t<button class=\"accordion-button collapsed\" type=\"button\" data-bs-toggle=\"collapse\"\r\n\t\t\t\t\t\t\tdata-bs-target=\"#collapse060635d-st-2\" aria-expanded=\"true\"\r\n\t\t\t\t\t\t\taria-controls=\"collapse060635d-st-2\">\r\n\t\t\t\t\t\t\t\r\n\t\t\t\t\t\t\tBirle\u015fik Arap Emirliklerinde doktorlar hangi \u015fartlar alt\u0131nda \u00e7al\u0131\u015f\u0131r ?\t\t\t\t\t\t\t<\/button>\r\n\t\t\t\t\t\t<\/h2>\r\n\t\t\t\t\t\t<div id=\"collapse060635d-st-2\" class=\"accordion-collapse collapse \"\r\n\t\t\t\t\t\t\taria-labelledby=\"heading060635d-st-2\" data-bs-parent=\"#accordionExample-st-2subtitlefaq-338710788\">\r\n\t\t\t\t\t\t\t<div class=\"accordion-body\">\r\n\t\t\t\t\t\t\tBirle\u015fik Arap Emirliklerinde \u00f6zellikle dubai'de doktorlar haftal\u0131k 48 saat \u00e7al\u0131\u015f\u0131r. Maa\u015f + e\u011fitim destekleri + konaklama imkanlar\u0131 ile \u00e7al\u0131\u015fmaktad\u0131r.\t\t\t\t\t\t\t<\/div>\r\n\t\t\t\t\t\t<\/div>\r\n\t\t\t\t\t<\/div>\r\n\t\t\t\t\t\t\t\t\t\t<div class=\"accordion-item\">\r\n\t\t\t\t\t\t<h2 class=\"accordion-header\" id=\"headinge3ee6a2-st-2\">\r\n\t\t\t\t\t\t\t<button class=\"accordion-button collapsed\" type=\"button\" data-bs-toggle=\"collapse\"\r\n\t\t\t\t\t\t\tdata-bs-target=\"#collapsee3ee6a2-st-2\" aria-expanded=\"true\"\r\n\t\t\t\t\t\t\taria-controls=\"collapsee3ee6a2-st-2\">\r\n\t\t\t\t\t\t\t\r\n\t\t\t\t\t\t\tBirle\u015fik Arap Emirliklerinde \u00f6zellikle Dubai'de doktorlar kariyerlerini nas\u0131l geli\u015ftirirler?\t\t\t\t\t\t\t<\/button>\r\n\t\t\t\t\t\t<\/h2>\r\n\t\t\t\t\t\t<div id=\"collapsee3ee6a2-st-2\" class=\"accordion-collapse collapse \"\r\n\t\t\t\t\t\t\taria-labelledby=\"headinge3ee6a2-st-2\" data-bs-parent=\"#accordionExample-st-2subtitlefaq-338710788\">\r\n\t\t\t\t\t\t\t<div class=\"accordion-body\">\r\n\t\t\t\t\t\t\tDoktorlar bu b\u00f6lgede uluslararas\u0131 sa\u011fl\u0131k sistemi hakk\u0131nda gerekli e\u011fitimllerden ge\u00e7irilip yine uluslararas\u0131 ge\u00e7erlili\u011fi bulunan sertifikasyon s\u00fcre\u00e7lerinden ge\u00e7erler ve \u00e7al\u0131\u015fma ortamlar\u0131nda \u00e7ok k\u00fclt\u00fcrl\u00fc bir yap\u0131 alt\u0131nda g\u00f6rev al\u0131rlar.\t\t\t\t\t\t\t<\/div>\r\n\t\t\t\t\t\t<\/div>\r\n\t\t\t\t\t<\/div>\r\n\t\t\t\t\t                  <\/div>\r\n               <\/div>\r\n            <\/div>\r\n         <\/div>\r\n      <\/section>\r\n      <!-- FAQ area end -->\r\n\t\r\n\r\n\r\n\r\n             \r\n\t\t\t\t\t\t<\/div>\n\t\t\t\t<\/div>\n\t\t\t\t<\/div>\n\t\t<div class=\"elementor-element elementor-element-9b6948d e-con-full e-flex e-con e-parent\" data-id=\"9b6948d\" data-element_type=\"container\" data-e-type=\"container\">\n\t\t\t\t<\/div>\n\t\t\t\t<\/div>\n\t\t","protected":false},"excerpt":{"rendered":"<p>Dr. Gulf Birle\u015fik Arap Emirliklerinde Doktorluk Yapmak \u0130leti\u015fim \u0130leti\u015fim Birle\u015fik Arap Emirlikleri (BAE), Orta Do\u011fu&#8217;da yer alan ve modern sa\u011fl\u0131k hizmetleriyle tan\u0131nan bir b\u00f6lgedir. Sa\u011fl\u0131k sekt\u00f6r\u00fc, ileri teknolojiye sahip tesisler, d\u00fcnya standartlar\u0131nda sa\u011fl\u0131k hizmetleri ve uluslararas\u0131 d\u00fczeyde nitelikli sa\u011fl\u0131k profesyonelleri ile dikkat \u00e7eker. Dubai&#8217;de doktor olarak \u00e7al\u0131\u015fmak i\u00e7in belirli \u015fartlar bulunmaktad\u0131r. Sa\u011fl\u0131k sekt\u00f6r\u00fcndeki d\u00fczenlemelere uyum [&hellip;]<\/p>\n","protected":false},"author":1,"featured_media":0,"parent":0,"menu_order":0,"comment_status":"closed","ping_status":"closed","template":"elementor_header_footer","meta":{"inline_featured_image":false,"footnotes":""},"class_list":["post-2061","page","type-page","status-publish","hentry"],"yoast_head":"<!-- This site is optimized with the Yoast SEO plugin v27.4 - https:\/\/yoast.com\/product\/yoast-seo-wordpress\/ -->\n<title>Birle\u015fik Arap Emirlikleri - Gulf Region Vacancies Recruitment<\/title>\n<meta name=\"robots\" content=\"index, follow, max-snippet:-1, max-image-preview:large, max-video-preview:-1\" \/>\n<link rel=\"canonical\" href=\"https:\/\/drgulf.net\/index.php\/birlesik-arap-emirlikleri\/\" \/>\n<meta property=\"og:locale\" content=\"tr_TR\" \/>\n<meta property=\"og:type\" content=\"article\" \/>\n<meta property=\"og:title\" content=\"Birle\u015fik Arap Emirlikleri - Gulf Region Vacancies Recruitment\" \/>\n<meta property=\"og:description\" content=\"Dr. Gulf Birle\u015fik Arap Emirliklerinde Doktorluk Yapmak \u0130leti\u015fim \u0130leti\u015fim Birle\u015fik Arap Emirlikleri (BAE), Orta Do\u011fu&#8217;da yer alan ve modern sa\u011fl\u0131k hizmetleriyle tan\u0131nan bir b\u00f6lgedir. Sa\u011fl\u0131k sekt\u00f6r\u00fc, ileri teknolojiye sahip tesisler, d\u00fcnya standartlar\u0131nda sa\u011fl\u0131k hizmetleri ve uluslararas\u0131 d\u00fczeyde nitelikli sa\u011fl\u0131k profesyonelleri ile dikkat \u00e7eker. Dubai&#8217;de doktor olarak \u00e7al\u0131\u015fmak i\u00e7in belirli \u015fartlar bulunmaktad\u0131r. Sa\u011fl\u0131k sekt\u00f6r\u00fcndeki d\u00fczenlemelere uyum [&hellip;]\" \/>\n<meta property=\"og:url\" content=\"https:\/\/drgulf.net\/index.php\/birlesik-arap-emirlikleri\/\" \/>\n<meta property=\"og:site_name\" content=\"Gulf Region Vacancies Recruitment\" \/>\n<meta property=\"article:publisher\" content=\"https:\/\/www.facebook.com\/drgulf.job.1\/?paipv=0&amp;eav=AfaGmxTvEMGNja4xXPYo5Hx7KR-pBLy1seTCwQxcHp8JKGZtMLl4ztk19_b9SR2pLI4&amp;_rdr\" \/>\n<meta property=\"article:modified_time\" content=\"2023-12-26T20:43:47+00:00\" \/>\n<meta property=\"og:image\" content=\"http:\/\/drgulf.net\/wp-content\/uploads\/2023\/11\/project-details.jpg\" \/>\n<meta name=\"twitter:card\" content=\"summary_large_image\" \/>\n<meta name=\"twitter:label1\" content=\"Tahmini okuma s\u00fcresi\" \/>\n\t<meta name=\"twitter:data1\" content=\"2 dakika\" \/>\n<script type=\"application\/ld+json\" class=\"yoast-schema-graph\">{\"@context\":\"https:\\\/\\\/schema.org\",\"@graph\":[{\"@type\":\"WebPage\",\"@id\":\"https:\\\/\\\/drgulf.net\\\/index.php\\\/birlesik-arap-emirlikleri\\\/\",\"url\":\"https:\\\/\\\/drgulf.net\\\/index.php\\\/birlesik-arap-emirlikleri\\\/\",\"name\":\"Birle\u015fik Arap Emirlikleri - Gulf Region Vacancies Recruitment\",\"isPartOf\":{\"@id\":\"https:\\\/\\\/drgulf.net\\\/#website\"},\"primaryImageOfPage\":{\"@id\":\"https:\\\/\\\/drgulf.net\\\/index.php\\\/birlesik-arap-emirlikleri\\\/#primaryimage\"},\"image\":{\"@id\":\"https:\\\/\\\/drgulf.net\\\/index.php\\\/birlesik-arap-emirlikleri\\\/#primaryimage\"},\"thumbnailUrl\":\"http:\\\/\\\/drgulf.net\\\/wp-content\\\/uploads\\\/2023\\\/11\\\/project-details.jpg\",\"datePublished\":\"2023-12-22T03:46:25+00:00\",\"dateModified\":\"2023-12-26T20:43:47+00:00\",\"breadcrumb\":{\"@id\":\"https:\\\/\\\/drgulf.net\\\/index.php\\\/birlesik-arap-emirlikleri\\\/#breadcrumb\"},\"inLanguage\":\"tr\",\"potentialAction\":[{\"@type\":\"ReadAction\",\"target\":[\"https:\\\/\\\/drgulf.net\\\/index.php\\\/birlesik-arap-emirlikleri\\\/\"]}]},{\"@type\":\"ImageObject\",\"inLanguage\":\"tr\",\"@id\":\"https:\\\/\\\/drgulf.net\\\/index.php\\\/birlesik-arap-emirlikleri\\\/#primaryimage\",\"url\":\"http:\\\/\\\/drgulf.net\\\/wp-content\\\/uploads\\\/2023\\\/11\\\/project-details.jpg\",\"contentUrl\":\"http:\\\/\\\/drgulf.net\\\/wp-content\\\/uploads\\\/2023\\\/11\\\/project-details.jpg\"},{\"@type\":\"BreadcrumbList\",\"@id\":\"https:\\\/\\\/drgulf.net\\\/index.php\\\/birlesik-arap-emirlikleri\\\/#breadcrumb\",\"itemListElement\":[{\"@type\":\"ListItem\",\"position\":1,\"name\":\"Anasayfa\",\"item\":\"https:\\\/\\\/drgulf.net\\\/\"},{\"@type\":\"ListItem\",\"position\":2,\"name\":\"Birle\u015fik Arap Emirlikleri\"}]},{\"@type\":\"WebSite\",\"@id\":\"https:\\\/\\\/drgulf.net\\\/#website\",\"url\":\"https:\\\/\\\/drgulf.net\\\/\",\"name\":\"drgulf.net\\\/\",\"description\":\"For Healthcare Specialist\",\"publisher\":{\"@id\":\"https:\\\/\\\/drgulf.net\\\/#organization\"},\"potentialAction\":[{\"@type\":\"SearchAction\",\"target\":{\"@type\":\"EntryPoint\",\"urlTemplate\":\"https:\\\/\\\/drgulf.net\\\/?s={search_term_string}\"},\"query-input\":{\"@type\":\"PropertyValueSpecification\",\"valueRequired\":true,\"valueName\":\"search_term_string\"}}],\"inLanguage\":\"tr\"},{\"@type\":\"Organization\",\"@id\":\"https:\\\/\\\/drgulf.net\\\/#organization\",\"name\":\"drgulf.net\\\/\",\"url\":\"https:\\\/\\\/drgulf.net\\\/\",\"logo\":{\"@type\":\"ImageObject\",\"inLanguage\":\"tr\",\"@id\":\"https:\\\/\\\/drgulf.net\\\/#\\\/schema\\\/logo\\\/image\\\/\",\"url\":\"https:\\\/\\\/drgulf.net\\\/wp-content\\\/uploads\\\/2023\\\/12\\\/siyah-1.png\",\"contentUrl\":\"https:\\\/\\\/drgulf.net\\\/wp-content\\\/uploads\\\/2023\\\/12\\\/siyah-1.png\",\"width\":3036,\"height\":1826,\"caption\":\"drgulf.net\\\/\"},\"image\":{\"@id\":\"https:\\\/\\\/drgulf.net\\\/#\\\/schema\\\/logo\\\/image\\\/\"},\"sameAs\":[\"https:\\\/\\\/www.facebook.com\\\/drgulf.job.1\\\/?paipv=0&eav=AfaGmxTvEMGNja4xXPYo5Hx7KR-pBLy1seTCwQxcHp8JKGZtMLl4ztk19_b9SR2pLI4&_rdr\",\"https:\\\/\\\/www.instagram.com\\\/drgulf\\\/\"]}]}<\/script>\n<!-- \/ Yoast SEO plugin. -->","yoast_head_json":{"title":"Birle\u015fik Arap Emirlikleri - Gulf Region Vacancies Recruitment","robots":{"index":"index","follow":"follow","max-snippet":"max-snippet:-1","max-image-preview":"max-image-preview:large","max-video-preview":"max-video-preview:-1"},"canonical":"https:\/\/drgulf.net\/index.php\/birlesik-arap-emirlikleri\/","og_locale":"tr_TR","og_type":"article","og_title":"Birle\u015fik Arap Emirlikleri - Gulf Region Vacancies Recruitment","og_description":"Dr. Gulf Birle\u015fik Arap Emirliklerinde Doktorluk Yapmak \u0130leti\u015fim \u0130leti\u015fim Birle\u015fik Arap Emirlikleri (BAE), Orta Do\u011fu&#8217;da yer alan ve modern sa\u011fl\u0131k hizmetleriyle tan\u0131nan bir b\u00f6lgedir. Sa\u011fl\u0131k sekt\u00f6r\u00fc, ileri teknolojiye sahip tesisler, d\u00fcnya standartlar\u0131nda sa\u011fl\u0131k hizmetleri ve uluslararas\u0131 d\u00fczeyde nitelikli sa\u011fl\u0131k profesyonelleri ile dikkat \u00e7eker. Dubai&#8217;de doktor olarak \u00e7al\u0131\u015fmak i\u00e7in belirli \u015fartlar bulunmaktad\u0131r. Sa\u011fl\u0131k sekt\u00f6r\u00fcndeki d\u00fczenlemelere uyum [&hellip;]","og_url":"https:\/\/drgulf.net\/index.php\/birlesik-arap-emirlikleri\/","og_site_name":"Gulf Region Vacancies Recruitment","article_publisher":"https:\/\/www.facebook.com\/drgulf.job.1\/?paipv=0&eav=AfaGmxTvEMGNja4xXPYo5Hx7KR-pBLy1seTCwQxcHp8JKGZtMLl4ztk19_b9SR2pLI4&_rdr","article_modified_time":"2023-12-26T20:43:47+00:00","og_image":[{"url":"http:\/\/drgulf.net\/wp-content\/uploads\/2023\/11\/project-details.jpg","type":"","width":"","height":""}],"twitter_card":"summary_large_image","twitter_misc":{"Tahmini okuma s\u00fcresi":"2 dakika"},"schema":{"@context":"https:\/\/schema.org","@graph":[{"@type":"WebPage","@id":"https:\/\/drgulf.net\/index.php\/birlesik-arap-emirlikleri\/","url":"https:\/\/drgulf.net\/index.php\/birlesik-arap-emirlikleri\/","name":"Birle\u015fik Arap Emirlikleri - Gulf Region Vacancies Recruitment","isPartOf":{"@id":"https:\/\/drgulf.net\/#website"},"primaryImageOfPage":{"@id":"https:\/\/drgulf.net\/index.php\/birlesik-arap-emirlikleri\/#primaryimage"},"image":{"@id":"https:\/\/drgulf.net\/index.php\/birlesik-arap-emirlikleri\/#primaryimage"},"thumbnailUrl":"http:\/\/drgulf.net\/wp-content\/uploads\/2023\/11\/project-details.jpg","datePublished":"2023-12-22T03:46:25+00:00","dateModified":"2023-12-26T20:43:47+00:00","breadcrumb":{"@id":"https:\/\/drgulf.net\/index.php\/birlesik-arap-emirlikleri\/#breadcrumb"},"inLanguage":"tr","potentialAction":[{"@type":"ReadAction","target":["https:\/\/drgulf.net\/index.php\/birlesik-arap-emirlikleri\/"]}]},{"@type":"ImageObject","inLanguage":"tr","@id":"https:\/\/drgulf.net\/index.php\/birlesik-arap-emirlikleri\/#primaryimage","url":"http:\/\/drgulf.net\/wp-content\/uploads\/2023\/11\/project-details.jpg","contentUrl":"http:\/\/drgulf.net\/wp-content\/uploads\/2023\/11\/project-details.jpg"},{"@type":"BreadcrumbList","@id":"https:\/\/drgulf.net\/index.php\/birlesik-arap-emirlikleri\/#breadcrumb","itemListElement":[{"@type":"ListItem","position":1,"name":"Anasayfa","item":"https:\/\/drgulf.net\/"},{"@type":"ListItem","position":2,"name":"Birle\u015fik Arap Emirlikleri"}]},{"@type":"WebSite","@id":"https:\/\/drgulf.net\/#website","url":"https:\/\/drgulf.net\/","name":"drgulf.net\/","description":"For Healthcare Specialist","publisher":{"@id":"https:\/\/drgulf.net\/#organization"},"potentialAction":[{"@type":"SearchAction","target":{"@type":"EntryPoint","urlTemplate":"https:\/\/drgulf.net\/?s={search_term_string}"},"query-input":{"@type":"PropertyValueSpecification","valueRequired":true,"valueName":"search_term_string"}}],"inLanguage":"tr"},{"@type":"Organization","@id":"https:\/\/drgulf.net\/#organization","name":"drgulf.net\/","url":"https:\/\/drgulf.net\/","logo":{"@type":"ImageObject","inLanguage":"tr","@id":"https:\/\/drgulf.net\/#\/schema\/logo\/image\/","url":"https:\/\/drgulf.net\/wp-content\/uploads\/2023\/12\/siyah-1.png","contentUrl":"https:\/\/drgulf.net\/wp-content\/uploads\/2023\/12\/siyah-1.png","width":3036,"height":1826,"caption":"drgulf.net\/"},"image":{"@id":"https:\/\/drgulf.net\/#\/schema\/logo\/image\/"},"sameAs":["https:\/\/www.facebook.com\/drgulf.job.1\/?paipv=0&eav=AfaGmxTvEMGNja4xXPYo5Hx7KR-pBLy1seTCwQxcHp8JKGZtMLl4ztk19_b9SR2pLI4&_rdr","https:\/\/www.instagram.com\/drgulf\/"]}]}},"_links":{"self":[{"href":"https:\/\/drgulf.net\/index.php\/wp-json\/wp\/v2\/pages\/2061","targetHints":{"allow":["GET"]}}],"collection":[{"href":"https:\/\/drgulf.net\/index.php\/wp-json\/wp\/v2\/pages"}],"about":[{"href":"https:\/\/drgulf.net\/index.php\/wp-json\/wp\/v2\/types\/page"}],"author":[{"embeddable":true,"href":"https:\/\/drgulf.net\/index.php\/wp-json\/wp\/v2\/users\/1"}],"replies":[{"embeddable":true,"href":"https:\/\/drgulf.net\/index.php\/wp-json\/wp\/v2\/comments?post=2061"}],"version-history":[{"count":9,"href":"https:\/\/drgulf.net\/index.php\/wp-json\/wp\/v2\/pages\/2061\/revisions"}],"predecessor-version":[{"id":2278,"href":"https:\/\/drgulf.net\/index.php\/wp-json\/wp\/v2\/pages\/2061\/revisions\/2278"}],"wp:attachment":[{"href":"https:\/\/drgulf.net\/index.php\/wp-json\/wp\/v2\/media?parent=2061"}],"curies":[{"name":"wp","href":"https:\/\/api.w.org\/{rel}","templated":true}]}}