{"id":2198,"date":"2023-12-25T04:41:13","date_gmt":"2023-12-25T01:41:13","guid":{"rendered":"https:\/\/drgulf.net\/?page_id=2198"},"modified":"2024-01-14T01:33:35","modified_gmt":"2024-01-13T22:33:35","slug":"dubai-lisans-islemleri","status":"publish","type":"page","link":"https:\/\/drgulf.net\/index.php\/dubai-lisans-islemleri\/","title":{"rendered":"Dubai Lisans \u0130\u015flemleri"},"content":{"rendered":"\t\t<div data-elementor-type=\"wp-page\" data-elementor-id=\"2198\" class=\"elementor elementor-2198\">\n\t\t\t\t<div class=\"elementor-element elementor-element-324c0ff e-con-full e-flex e-con e-parent\" data-id=\"324c0ff\" data-element_type=\"container\" data-e-type=\"container\">\n\t\t\t\t<div class=\"elementor-element elementor-element-6588e50 elementor-widget elementor-widget-doctor_details\" data-id=\"6588e50\" data-element_type=\"widget\" data-e-type=\"widget\" data-widget_type=\"doctor_details.default\">\n\t\t\t\t<div class=\"elementor-widget-container\">\n\t\t\t\t\t\r\n\r\n\t <script>\r\n jQuery(document).ready(function($) {\r\n\r\n\/\/write js code under this line \r\n\r\n\r\n\/\/write code above the line \r\n\r\n  });\r\n<\/script>\r\n      <!-- Doctor area start -->\r\n      <section class=\"doctor-area section-space\">\r\n         <div class=\"container\">\r\n            <div class=\"row gy-50 align-items-center\">\r\n               <div class=\"col-xxl-6 col-xl-6 col-lg-6\">\r\n                  <div class=\"doctor-author-thumb-wrapper wow fadeInLeft p-relative\" data-wow-delay=\"0.3s\">\r\n\r\n                     <div class=\"doctor-author-thumb w-img\">\r\n\t\t\t\t\t\t   \r\n\t\t\t\t\t\t\t<img decoding=\"async\" src=\"https:\/\/drgulf.net\/wp-content\/uploads\/2023\/11\/service-09.jpg\" alt=\"\"\/>\r\n\t\t\t\t\t\t                     <\/div>\r\n\t\t\t\t\t \r\n                     <div class=\"author-social\">\r\n\t\t\t\t\t \t                        \t<a href=\"mailto:info@drgulf.net\"><i class=\"fas fa-mail-bulk\"><\/i><\/a>\r\n\t\t\t\t\t\t                     <\/div>\r\n                  <\/div>\r\n               <\/div>\r\n               <div class=\"col-xxl-6 col-xl-6 col-lg-6\">\r\n                  <div class=\"doctor-author-content wow fadeInRight\" data-wow-delay=\"0.3s\">\r\n                     <div class=\"section-title-wrapper-2 mb-30\">\r\n                        <span class=\"section-subtitle-2 mb-20\"><\/span>\r\n                        <h2 class=\"section-title\">Dubai'de Doktorluk Lisans\u0131 Alma S\u00fcreci ve Gereklilikler<\/h2>\r\n                     <\/div>\r\n                     <p>De\u011ferli Sa\u011fl\u0131k Profesyonelleri,\n\nDr. Gulf ailesi olarak, Dubai'deki doktor lisans i\u015flemleri hakk\u0131nda en g\u00fcncel ve do\u011fru bilgileri sizlere sunmaktan gurur duyuyoruz. Dubai, modern sa\u011fl\u0131k tesisleri ve ileri teknoloji kullan\u0131m\u0131yla \u00f6ne \u00e7\u0131kan, sa\u011fl\u0131k sekt\u00f6r\u00fcnde d\u00fcnya standartlar\u0131nda hizmet veren bir \u015fehirdir. Bu heyecan verici ve dinamik ortamda kariyerinizi s\u00fcrd\u00fcrmek istiyorsan\u0131z, Dr. Gulf olarak sizlere bu s\u00fcre\u00e7te rehberlik etmek i\u00e7in buraday\u0131z!\n\n<\/p>\r\n                     <div class=\"doctor-author mt-30 mb-40\">\r\n\t\t\t\t\t\t                        <div class=\"doctor-author-info\">\r\n                           <div class=\"icon\">\r\n\t\t\t\t\t\t   \t\t<i class=\"fas fa-mail-bulk\"><\/i>\r\n                           <\/div>\r\n                           <div class=\"content\">\r\n                              <h5>info@drgulf.net<\/h5>\r\n                              <span><a href=\"mailto:info@drgulf.net\">Detayl\u0131 bilgi i\u00e7in<\/a><\/span>\r\n                           <\/div>\r\n                        <\/div>\r\n\t\t\t\t\t\t                     <\/div>\r\n                     <a href=\"\" class=\"fill-btn\">\r\n                        <span class=\"fill-btn-inner\">\r\n                           <span class=\"fill-btn-normal\"><i\r\n                                 class=\"fa-regular fa-angle-right\"><\/i><\/span>\r\n                           <span class=\"fill-btn-hover\"><i class=\"fa-regular fa-angle-right\"><\/i><\/span>\r\n                        <\/span>\r\n                     <\/a>\r\n                  <\/div>\r\n               <\/div>\r\n            <\/div>\r\n         <\/div>\r\n      <\/section>\r\n      <!-- Doctor area end -->\r\n\r\n\r\n             \r\n\t\t\t\t\t\t<\/div>\n\t\t\t\t<\/div>\n\t\t\t\t<\/div>\n\t\t<div class=\"elementor-element elementor-element-10b79fe e-flex e-con-boxed e-con e-parent\" data-id=\"10b79fe\" data-element_type=\"container\" data-e-type=\"container\">\n\t\t\t\t\t<div class=\"e-con-inner\">\n\t\t\t\t<div class=\"elementor-element elementor-element-b065763 elementor-widget elementor-widget-heading\" data-id=\"b065763\" data-element_type=\"widget\" data-e-type=\"widget\" data-widget_type=\"heading.default\">\n\t\t\t\t<div class=\"elementor-widget-container\">\n\t\t\t\t\t<h3 class=\"elementor-heading-title elementor-size-default\">Duvai'de Doktorluk Lisans \u0130\u015flemleri<\/h3>\t\t\t\t<\/div>\n\t\t\t\t<\/div>\n\t\t\t\t\t<\/div>\n\t\t\t\t<\/div>\n\t\t<div class=\"elementor-element elementor-element-8a718f3 e-flex e-con-boxed e-con e-parent\" data-id=\"8a718f3\" data-element_type=\"container\" data-e-type=\"container\">\n\t\t\t\t\t<div class=\"e-con-inner\">\n\t\t\t\t<div class=\"elementor-element elementor-element-f224618 elementor-widget elementor-widget-spacer\" data-id=\"f224618\" data-element_type=\"widget\" data-e-type=\"widget\" data-widget_type=\"spacer.default\">\n\t\t\t\t<div class=\"elementor-widget-container\">\n\t\t\t\t\t\t\t<div class=\"elementor-spacer\">\n\t\t\t<div class=\"elementor-spacer-inner\"><\/div>\n\t\t<\/div>\n\t\t\t\t\t\t<\/div>\n\t\t\t\t<\/div>\n\t\t\t\t\t<\/div>\n\t\t\t\t<\/div>\n\t\t<div class=\"elementor-element elementor-element-f0a20b6 e-flex e-con-boxed e-con e-parent\" data-id=\"f0a20b6\" data-element_type=\"container\" data-e-type=\"container\">\n\t\t\t\t\t<div class=\"e-con-inner\">\n\t\t\t\t<div class=\"elementor-element elementor-element-b8ca319 elementor-widget elementor-widget-text-editor\" data-id=\"b8ca319\" data-element_type=\"widget\" data-e-type=\"widget\" data-widget_type=\"text-editor.default\">\n\t\t\t\t<div class=\"elementor-widget-container\">\n\t\t\t\t\t\t\t\t\t<p><strong>Lisans S\u00fcrecindeki Ad\u0131mlar:<\/strong><\/p><ul><li><strong>E\u011fitim ve Deneyim Belgeleri<\/strong>: T\u0131p diploman\u0131z ve \u00e7al\u0131\u015fma deneyimi belgelerinizin haz\u0131rlanmas\u0131.<\/li><li><strong>Ba\u015fvuru Formu ve Belgelerin Onay\u0131<\/strong>: Dubai Sa\u011fl\u0131k Otoritesi&#8217;nin (DHA) resmi ba\u015fvuru formunun doldurulmas\u0131 ve belgelerin onaylat\u0131lmas\u0131.<\/li><li><strong>Sa\u011fl\u0131k Kontrolleri ve Adli Sicil Kayd\u0131<\/strong>: Gerekli sa\u011fl\u0131k kontrollerinin yap\u0131lmas\u0131 ve adli sicil kayd\u0131.<\/li><li><strong>Mesleki Yeterlilik S\u0131nav\u0131 ve M\u00fclakat<\/strong>: Dubai&#8217;deki mesleki yeterlilik s\u0131nav\u0131na haz\u0131rl\u0131k ve m\u00fclakat s\u00fcreci.<\/li><\/ul>\t\t\t\t\t\t\t\t<\/div>\n\t\t\t\t<\/div>\n\t\t\t\t\t<\/div>\n\t\t\t\t<\/div>\n\t\t<div class=\"elementor-element elementor-element-752c288 e-flex e-con-boxed e-con e-parent\" data-id=\"752c288\" data-element_type=\"container\" data-e-type=\"container\">\n\t\t\t\t\t<div class=\"e-con-inner\">\n\t\t\t\t<div class=\"elementor-element elementor-element-d0308ce elementor-widget elementor-widget-text-editor\" data-id=\"d0308ce\" data-element_type=\"widget\" data-e-type=\"widget\" data-widget_type=\"text-editor.default\">\n\t\t\t\t<div class=\"elementor-widget-container\">\n\t\t\t\t\t\t\t\t\t<p><strong>Dr. Gulf Fark\u0131yla Dubai&#8217;de Kariyerinizi \u0130leriye Ta\u015f\u0131y\u0131n:<\/strong><\/p><p>Dr. Gulf, Dubai&#8217;de doktor lisans s\u00fcrecinin her a\u015famas\u0131nda size e\u015flik eder. Profesyonel ekibimizle, belge haz\u0131rl\u0131klar\u0131ndan s\u0131nava, m\u00fclakattan lisans \u00fccreti \u00f6demesine kadar her ad\u0131mda yan\u0131n\u0131zday\u0131z.<\/p><p><strong>Profesyonel Yolculu\u011funuz, Bizim Misyonumuz!<\/strong><\/p><p>Dubai&#8217;de kariyerinize y\u00f6n vermek istiyorsan\u0131z, Dr. Gulf olarak sizlere en g\u00fcncel bilgileri sunmak ve bu s\u00fcre\u00e7te rehberlik etmek bizim i\u00e7in bir onurdur. Lisans s\u00fcrecinizde yan\u0131n\u0131zda olmak ve sizlere en iyi hizmeti sunmak i\u00e7in buraday\u0131z.<\/p><p><strong>Ba\u015flang\u0131\u00e7 \u0130\u00e7in \u0130lk Ad\u0131m\u0131n\u0131z\u0131 At\u0131n!<\/strong><\/p><p>Dubai&#8217;de doktor olarak \u00e7al\u0131\u015fmak i\u00e7in lisans s\u00fcrecinizi ba\u015flatmak ve Dr. Gulf ailesine kat\u0131lmak i\u00e7in bizimle ileti\u015fime ge\u00e7in. Profesyonel sa\u011fl\u0131k kariyerinize Dubai&#8217;de y\u00f6n verin!<\/p><p><strong>Lisand Dan\u0131\u015fmanl\u0131k \u00dccreti: 2500$&#8217; d\u0131r.<\/strong><\/p>\t\t\t\t\t\t\t\t<\/div>\n\t\t\t\t<\/div>\n\t\t\t\t\t<\/div>\n\t\t\t\t<\/div>\n\t\t<div class=\"elementor-element elementor-element-102fb74 e-flex e-con-boxed e-con e-parent\" data-id=\"102fb74\" data-element_type=\"container\" data-e-type=\"container\">\n\t\t\t\t\t<div class=\"e-con-inner\">\n\t\t<div class=\"elementor-element elementor-element-18b19d7 e-con-full e-flex e-con e-child\" data-id=\"18b19d7\" data-element_type=\"container\" data-e-type=\"container\">\n\t\t\t\t<div class=\"elementor-element elementor-element-12e3a5f elementor-widget elementor-widget-image\" data-id=\"12e3a5f\" data-element_type=\"widget\" data-e-type=\"widget\" data-widget_type=\"image.default\">\n\t\t\t\t<div class=\"elementor-widget-container\">\n\t\t\t\t\t\t\t\t\t\t\t\t\t\t\t\t<a href=\"mailto:info@drgulf.net\">\n\t\t\t\t\t\t\t<img fetchpriority=\"high\" decoding=\"async\" width=\"640\" height=\"315\" src=\"https:\/\/drgulf.net\/wp-content\/uploads\/2024\/01\/Screenshot-2024-01-13-at-17.47.40.png\" class=\"attachment-large size-large wp-image-2581\" alt=\"\" srcset=\"https:\/\/drgulf.net\/wp-content\/uploads\/2024\/01\/Screenshot-2024-01-13-at-17.47.40.png 990w, https:\/\/drgulf.net\/wp-content\/uploads\/2024\/01\/Screenshot-2024-01-13-at-17.47.40-300x148.png 300w, https:\/\/drgulf.net\/wp-content\/uploads\/2024\/01\/Screenshot-2024-01-13-at-17.47.40-768x379.png 768w, https:\/\/drgulf.net\/wp-content\/uploads\/2024\/01\/Screenshot-2024-01-13-at-17.47.40-600x296.png 600w\" sizes=\"(max-width: 640px) 100vw, 640px\" \/>\t\t\t\t\t\t\t\t<\/a>\n\t\t\t\t\t\t\t\t\t\t\t\t\t\t\t<\/div>\n\t\t\t\t<\/div>\n\t\t\t\t<\/div>\n\t\t<div class=\"elementor-element elementor-element-63a9ab3 e-con-full e-flex e-con e-child\" data-id=\"63a9ab3\" data-element_type=\"container\" data-e-type=\"container\">\n\t\t\t\t<\/div>\n\t\t<div class=\"elementor-element elementor-element-28ff4da e-con-full e-flex e-con e-child\" data-id=\"28ff4da\" data-element_type=\"container\" data-e-type=\"container\">\n\t\t\t\t<\/div>\n\t\t<div class=\"elementor-element elementor-element-7c16c62 e-con-full e-flex e-con e-child\" data-id=\"7c16c62\" data-element_type=\"container\" data-e-type=\"container\">\n\t\t\t\t<\/div>\n\t\t\t\t\t<\/div>\n\t\t\t\t<\/div>\n\t\t\t\t<\/div>\n\t\t","protected":false},"excerpt":{"rendered":"<p>Dubai&#8217;de Doktorluk Lisans\u0131 Alma S\u00fcreci ve Gereklilikler De\u011ferli Sa\u011fl\u0131k Profesyonelleri, Dr. Gulf ailesi olarak, Dubai&#8217;deki doktor lisans i\u015flemleri hakk\u0131nda en g\u00fcncel ve do\u011fru bilgileri sizlere sunmaktan gurur duyuyoruz. Dubai, modern sa\u011fl\u0131k tesisleri ve ileri teknoloji kullan\u0131m\u0131yla \u00f6ne \u00e7\u0131kan, sa\u011fl\u0131k sekt\u00f6r\u00fcnde d\u00fcnya standartlar\u0131nda hizmet veren bir \u015fehirdir. Bu heyecan verici ve dinamik ortamda kariyerinizi s\u00fcrd\u00fcrmek istiyorsan\u0131z, [&hellip;]<\/p>\n","protected":false},"author":1,"featured_media":0,"parent":0,"menu_order":0,"comment_status":"closed","ping_status":"closed","template":"elementor_header_footer","meta":{"inline_featured_image":false,"footnotes":""},"class_list":["post-2198","page","type-page","status-publish","hentry"],"yoast_head":"<!-- This site is optimized with the Yoast SEO plugin v27.4 - https:\/\/yoast.com\/product\/yoast-seo-wordpress\/ -->\n<title>Dubai Lisans \u0130\u015flemleri - Gulf Region Vacancies Recruitment<\/title>\n<meta name=\"robots\" content=\"index, follow, max-snippet:-1, max-image-preview:large, max-video-preview:-1\" \/>\n<link rel=\"canonical\" href=\"https:\/\/drgulf.net\/index.php\/dubai-lisans-islemleri\/\" \/>\n<meta property=\"og:locale\" content=\"tr_TR\" \/>\n<meta property=\"og:type\" content=\"article\" \/>\n<meta property=\"og:title\" content=\"Dubai Lisans \u0130\u015flemleri - Gulf Region Vacancies Recruitment\" \/>\n<meta property=\"og:description\" content=\"Dubai&#8217;de Doktorluk Lisans\u0131 Alma S\u00fcreci ve Gereklilikler De\u011ferli Sa\u011fl\u0131k Profesyonelleri, Dr. Gulf ailesi olarak, Dubai&#8217;deki doktor lisans i\u015flemleri hakk\u0131nda en g\u00fcncel ve do\u011fru bilgileri sizlere sunmaktan gurur duyuyoruz. Dubai, modern sa\u011fl\u0131k tesisleri ve ileri teknoloji kullan\u0131m\u0131yla \u00f6ne \u00e7\u0131kan, sa\u011fl\u0131k sekt\u00f6r\u00fcnde d\u00fcnya standartlar\u0131nda hizmet veren bir \u015fehirdir. Bu heyecan verici ve dinamik ortamda kariyerinizi s\u00fcrd\u00fcrmek istiyorsan\u0131z, [&hellip;]\" \/>\n<meta property=\"og:url\" content=\"https:\/\/drgulf.net\/index.php\/dubai-lisans-islemleri\/\" \/>\n<meta property=\"og:site_name\" content=\"Gulf Region Vacancies Recruitment\" \/>\n<meta property=\"article:publisher\" content=\"https:\/\/www.facebook.com\/drgulf.job.1\/?paipv=0&amp;eav=AfaGmxTvEMGNja4xXPYo5Hx7KR-pBLy1seTCwQxcHp8JKGZtMLl4ztk19_b9SR2pLI4&amp;_rdr\" \/>\n<meta property=\"article:modified_time\" content=\"2024-01-13T22:33:35+00:00\" \/>\n<meta property=\"og:image\" content=\"http:\/\/drgulf.net\/wp-content\/uploads\/2023\/11\/service-09.jpg\" \/>\n<meta name=\"twitter:card\" content=\"summary_large_image\" \/>\n<meta name=\"twitter:label1\" content=\"Tahmini okuma s\u00fcresi\" \/>\n\t<meta name=\"twitter:data1\" content=\"2 dakika\" \/>\n<script type=\"application\/ld+json\" class=\"yoast-schema-graph\">{\"@context\":\"https:\\\/\\\/schema.org\",\"@graph\":[{\"@type\":\"WebPage\",\"@id\":\"https:\\\/\\\/drgulf.net\\\/index.php\\\/dubai-lisans-islemleri\\\/\",\"url\":\"https:\\\/\\\/drgulf.net\\\/index.php\\\/dubai-lisans-islemleri\\\/\",\"name\":\"Dubai Lisans \u0130\u015flemleri - Gulf Region Vacancies Recruitment\",\"isPartOf\":{\"@id\":\"https:\\\/\\\/drgulf.net\\\/#website\"},\"primaryImageOfPage\":{\"@id\":\"https:\\\/\\\/drgulf.net\\\/index.php\\\/dubai-lisans-islemleri\\\/#primaryimage\"},\"image\":{\"@id\":\"https:\\\/\\\/drgulf.net\\\/index.php\\\/dubai-lisans-islemleri\\\/#primaryimage\"},\"thumbnailUrl\":\"http:\\\/\\\/drgulf.net\\\/wp-content\\\/uploads\\\/2023\\\/11\\\/service-09.jpg\",\"datePublished\":\"2023-12-25T01:41:13+00:00\",\"dateModified\":\"2024-01-13T22:33:35+00:00\",\"breadcrumb\":{\"@id\":\"https:\\\/\\\/drgulf.net\\\/index.php\\\/dubai-lisans-islemleri\\\/#breadcrumb\"},\"inLanguage\":\"tr\",\"potentialAction\":[{\"@type\":\"ReadAction\",\"target\":[\"https:\\\/\\\/drgulf.net\\\/index.php\\\/dubai-lisans-islemleri\\\/\"]}]},{\"@type\":\"ImageObject\",\"inLanguage\":\"tr\",\"@id\":\"https:\\\/\\\/drgulf.net\\\/index.php\\\/dubai-lisans-islemleri\\\/#primaryimage\",\"url\":\"http:\\\/\\\/drgulf.net\\\/wp-content\\\/uploads\\\/2023\\\/11\\\/service-09.jpg\",\"contentUrl\":\"http:\\\/\\\/drgulf.net\\\/wp-content\\\/uploads\\\/2023\\\/11\\\/service-09.jpg\"},{\"@type\":\"BreadcrumbList\",\"@id\":\"https:\\\/\\\/drgulf.net\\\/index.php\\\/dubai-lisans-islemleri\\\/#breadcrumb\",\"itemListElement\":[{\"@type\":\"ListItem\",\"position\":1,\"name\":\"Anasayfa\",\"item\":\"https:\\\/\\\/drgulf.net\\\/\"},{\"@type\":\"ListItem\",\"position\":2,\"name\":\"Dubai Lisans \u0130\u015flemleri\"}]},{\"@type\":\"WebSite\",\"@id\":\"https:\\\/\\\/drgulf.net\\\/#website\",\"url\":\"https:\\\/\\\/drgulf.net\\\/\",\"name\":\"drgulf.net\\\/\",\"description\":\"For Healthcare Specialist\",\"publisher\":{\"@id\":\"https:\\\/\\\/drgulf.net\\\/#organization\"},\"potentialAction\":[{\"@type\":\"SearchAction\",\"target\":{\"@type\":\"EntryPoint\",\"urlTemplate\":\"https:\\\/\\\/drgulf.net\\\/?s={search_term_string}\"},\"query-input\":{\"@type\":\"PropertyValueSpecification\",\"valueRequired\":true,\"valueName\":\"search_term_string\"}}],\"inLanguage\":\"tr\"},{\"@type\":\"Organization\",\"@id\":\"https:\\\/\\\/drgulf.net\\\/#organization\",\"name\":\"drgulf.net\\\/\",\"url\":\"https:\\\/\\\/drgulf.net\\\/\",\"logo\":{\"@type\":\"ImageObject\",\"inLanguage\":\"tr\",\"@id\":\"https:\\\/\\\/drgulf.net\\\/#\\\/schema\\\/logo\\\/image\\\/\",\"url\":\"https:\\\/\\\/drgulf.net\\\/wp-content\\\/uploads\\\/2023\\\/12\\\/siyah-1.png\",\"contentUrl\":\"https:\\\/\\\/drgulf.net\\\/wp-content\\\/uploads\\\/2023\\\/12\\\/siyah-1.png\",\"width\":3036,\"height\":1826,\"caption\":\"drgulf.net\\\/\"},\"image\":{\"@id\":\"https:\\\/\\\/drgulf.net\\\/#\\\/schema\\\/logo\\\/image\\\/\"},\"sameAs\":[\"https:\\\/\\\/www.facebook.com\\\/drgulf.job.1\\\/?paipv=0&eav=AfaGmxTvEMGNja4xXPYo5Hx7KR-pBLy1seTCwQxcHp8JKGZtMLl4ztk19_b9SR2pLI4&_rdr\",\"https:\\\/\\\/www.instagram.com\\\/drgulf\\\/\"]}]}<\/script>\n<!-- \/ Yoast SEO plugin. -->","yoast_head_json":{"title":"Dubai Lisans \u0130\u015flemleri - Gulf Region Vacancies Recruitment","robots":{"index":"index","follow":"follow","max-snippet":"max-snippet:-1","max-image-preview":"max-image-preview:large","max-video-preview":"max-video-preview:-1"},"canonical":"https:\/\/drgulf.net\/index.php\/dubai-lisans-islemleri\/","og_locale":"tr_TR","og_type":"article","og_title":"Dubai Lisans \u0130\u015flemleri - Gulf Region Vacancies Recruitment","og_description":"Dubai&#8217;de Doktorluk Lisans\u0131 Alma S\u00fcreci ve Gereklilikler De\u011ferli Sa\u011fl\u0131k Profesyonelleri, Dr. Gulf ailesi olarak, Dubai&#8217;deki doktor lisans i\u015flemleri hakk\u0131nda en g\u00fcncel ve do\u011fru bilgileri sizlere sunmaktan gurur duyuyoruz. Dubai, modern sa\u011fl\u0131k tesisleri ve ileri teknoloji kullan\u0131m\u0131yla \u00f6ne \u00e7\u0131kan, sa\u011fl\u0131k sekt\u00f6r\u00fcnde d\u00fcnya standartlar\u0131nda hizmet veren bir \u015fehirdir. Bu heyecan verici ve dinamik ortamda kariyerinizi s\u00fcrd\u00fcrmek istiyorsan\u0131z, [&hellip;]","og_url":"https:\/\/drgulf.net\/index.php\/dubai-lisans-islemleri\/","og_site_name":"Gulf Region Vacancies Recruitment","article_publisher":"https:\/\/www.facebook.com\/drgulf.job.1\/?paipv=0&eav=AfaGmxTvEMGNja4xXPYo5Hx7KR-pBLy1seTCwQxcHp8JKGZtMLl4ztk19_b9SR2pLI4&_rdr","article_modified_time":"2024-01-13T22:33:35+00:00","og_image":[{"url":"http:\/\/drgulf.net\/wp-content\/uploads\/2023\/11\/service-09.jpg","type":"","width":"","height":""}],"twitter_card":"summary_large_image","twitter_misc":{"Tahmini okuma s\u00fcresi":"2 dakika"},"schema":{"@context":"https:\/\/schema.org","@graph":[{"@type":"WebPage","@id":"https:\/\/drgulf.net\/index.php\/dubai-lisans-islemleri\/","url":"https:\/\/drgulf.net\/index.php\/dubai-lisans-islemleri\/","name":"Dubai Lisans \u0130\u015flemleri - Gulf Region Vacancies Recruitment","isPartOf":{"@id":"https:\/\/drgulf.net\/#website"},"primaryImageOfPage":{"@id":"https:\/\/drgulf.net\/index.php\/dubai-lisans-islemleri\/#primaryimage"},"image":{"@id":"https:\/\/drgulf.net\/index.php\/dubai-lisans-islemleri\/#primaryimage"},"thumbnailUrl":"http:\/\/drgulf.net\/wp-content\/uploads\/2023\/11\/service-09.jpg","datePublished":"2023-12-25T01:41:13+00:00","dateModified":"2024-01-13T22:33:35+00:00","breadcrumb":{"@id":"https:\/\/drgulf.net\/index.php\/dubai-lisans-islemleri\/#breadcrumb"},"inLanguage":"tr","potentialAction":[{"@type":"ReadAction","target":["https:\/\/drgulf.net\/index.php\/dubai-lisans-islemleri\/"]}]},{"@type":"ImageObject","inLanguage":"tr","@id":"https:\/\/drgulf.net\/index.php\/dubai-lisans-islemleri\/#primaryimage","url":"http:\/\/drgulf.net\/wp-content\/uploads\/2023\/11\/service-09.jpg","contentUrl":"http:\/\/drgulf.net\/wp-content\/uploads\/2023\/11\/service-09.jpg"},{"@type":"BreadcrumbList","@id":"https:\/\/drgulf.net\/index.php\/dubai-lisans-islemleri\/#breadcrumb","itemListElement":[{"@type":"ListItem","position":1,"name":"Anasayfa","item":"https:\/\/drgulf.net\/"},{"@type":"ListItem","position":2,"name":"Dubai Lisans \u0130\u015flemleri"}]},{"@type":"WebSite","@id":"https:\/\/drgulf.net\/#website","url":"https:\/\/drgulf.net\/","name":"drgulf.net\/","description":"For Healthcare Specialist","publisher":{"@id":"https:\/\/drgulf.net\/#organization"},"potentialAction":[{"@type":"SearchAction","target":{"@type":"EntryPoint","urlTemplate":"https:\/\/drgulf.net\/?s={search_term_string}"},"query-input":{"@type":"PropertyValueSpecification","valueRequired":true,"valueName":"search_term_string"}}],"inLanguage":"tr"},{"@type":"Organization","@id":"https:\/\/drgulf.net\/#organization","name":"drgulf.net\/","url":"https:\/\/drgulf.net\/","logo":{"@type":"ImageObject","inLanguage":"tr","@id":"https:\/\/drgulf.net\/#\/schema\/logo\/image\/","url":"https:\/\/drgulf.net\/wp-content\/uploads\/2023\/12\/siyah-1.png","contentUrl":"https:\/\/drgulf.net\/wp-content\/uploads\/2023\/12\/siyah-1.png","width":3036,"height":1826,"caption":"drgulf.net\/"},"image":{"@id":"https:\/\/drgulf.net\/#\/schema\/logo\/image\/"},"sameAs":["https:\/\/www.facebook.com\/drgulf.job.1\/?paipv=0&eav=AfaGmxTvEMGNja4xXPYo5Hx7KR-pBLy1seTCwQxcHp8JKGZtMLl4ztk19_b9SR2pLI4&_rdr","https:\/\/www.instagram.com\/drgulf\/"]}]}},"_links":{"self":[{"href":"https:\/\/drgulf.net\/index.php\/wp-json\/wp\/v2\/pages\/2198","targetHints":{"allow":["GET"]}}],"collection":[{"href":"https:\/\/drgulf.net\/index.php\/wp-json\/wp\/v2\/pages"}],"about":[{"href":"https:\/\/drgulf.net\/index.php\/wp-json\/wp\/v2\/types\/page"}],"author":[{"embeddable":true,"href":"https:\/\/drgulf.net\/index.php\/wp-json\/wp\/v2\/users\/1"}],"replies":[{"embeddable":true,"href":"https:\/\/drgulf.net\/index.php\/wp-json\/wp\/v2\/comments?post=2198"}],"version-history":[{"count":19,"href":"https:\/\/drgulf.net\/index.php\/wp-json\/wp\/v2\/pages\/2198\/revisions"}],"predecessor-version":[{"id":2600,"href":"https:\/\/drgulf.net\/index.php\/wp-json\/wp\/v2\/pages\/2198\/revisions\/2600"}],"wp:attachment":[{"href":"https:\/\/drgulf.net\/index.php\/wp-json\/wp\/v2\/media?parent=2198"}],"curies":[{"name":"wp","href":"https:\/\/api.w.org\/{rel}","templated":true}]}}