{"id":526,"date":"2023-11-19T10:59:49","date_gmt":"2023-11-19T10:59:49","guid":{"rendered":"https:\/\/dogri.bluebellbd.net\/?page_id=526"},"modified":"2024-01-05T04:40:02","modified_gmt":"2024-01-05T01:40:02","slug":"hakkinda","status":"publish","type":"page","link":"https:\/\/drgulf.net\/index.php\/hakkinda\/","title":{"rendered":"Hakk\u0131nda"},"content":{"rendered":"\t\t<div data-elementor-type=\"wp-page\" data-elementor-id=\"526\" class=\"elementor elementor-526\">\n\t\t\t\t<div class=\"elementor-element elementor-element-e4c218c e-flex e-con-boxed e-con e-parent\" data-id=\"e4c218c\" data-element_type=\"container\" data-e-type=\"container\">\n\t\t\t\t\t<div class=\"e-con-inner\">\n\t\t\t\t<div class=\"elementor-element elementor-element-9d8ee5b elementor-widget elementor-widget-image\" data-id=\"9d8ee5b\" data-element_type=\"widget\" data-e-type=\"widget\" data-widget_type=\"image.default\">\n\t\t\t\t<div class=\"elementor-widget-container\">\n\t\t\t\t\t\t\t\t\t\t\t\t\t\t\t<img decoding=\"async\" width=\"150\" height=\"150\" src=\"https:\/\/drgulf.net\/wp-content\/uploads\/2023\/12\/nasil-yatay-yapiyim-knk-bilemedim-150x150.png\" class=\"attachment-thumbnail size-thumbnail wp-image-2007\" alt=\"\" srcset=\"https:\/\/drgulf.net\/wp-content\/uploads\/2023\/12\/nasil-yatay-yapiyim-knk-bilemedim-150x150.png 150w, https:\/\/drgulf.net\/wp-content\/uploads\/2023\/12\/nasil-yatay-yapiyim-knk-bilemedim-300x300.png 300w, https:\/\/drgulf.net\/wp-content\/uploads\/2023\/12\/nasil-yatay-yapiyim-knk-bilemedim-100x100.png 100w\" sizes=\"(max-width: 150px) 100vw, 150px\" \/>\t\t\t\t\t\t\t\t\t\t\t\t\t\t\t<\/div>\n\t\t\t\t<\/div>\n\t\t\t\t\t<\/div>\n\t\t\t\t<\/div>\n\t\t<div class=\"elementor-element elementor-element-7bf25bb e-flex e-con-boxed e-con e-parent\" data-id=\"7bf25bb\" data-element_type=\"container\" data-e-type=\"container\">\n\t\t\t\t\t<div class=\"e-con-inner\">\n\t\t\t\t<div class=\"elementor-element elementor-element-096f986 elementor-widget elementor-widget-spacer\" data-id=\"096f986\" data-element_type=\"widget\" data-e-type=\"widget\" data-widget_type=\"spacer.default\">\n\t\t\t\t<div class=\"elementor-widget-container\">\n\t\t\t\t\t\t\t<div class=\"elementor-spacer\">\n\t\t\t<div class=\"elementor-spacer-inner\"><\/div>\n\t\t<\/div>\n\t\t\t\t\t\t<\/div>\n\t\t\t\t<\/div>\n\t\t\t\t\t<\/div>\n\t\t\t\t<\/div>\n\t\t<div class=\"elementor-element elementor-element-899c5ee e-con-full e-flex e-con e-parent\" data-id=\"899c5ee\" data-element_type=\"container\" data-e-type=\"container\">\n\t\t\t\t<div class=\"elementor-element elementor-element-1dcbcd7 elementor-widget elementor-widget-text-editor\" data-id=\"1dcbcd7\" data-element_type=\"widget\" data-e-type=\"widget\" data-widget_type=\"text-editor.default\">\n\t\t\t\t<div class=\"elementor-widget-container\">\n\t\t\t\t\t\t\t\t\t<div class=\"flex flex-grow flex-col max-w-full\"><div class=\"min-h-[20px] text-message flex flex-col items-start gap-3 whitespace-pre-wrap break-words [.text-message+&amp;]:mt-5 overflow-x-auto\" data-message-author-role=\"assistant\" data-message-id=\"2f57a1ca-4564-476f-86fc-c3995a5ae1e7\"><div class=\"markdown prose w-full break-words dark:prose-invert dark\"><p>Dr. Gulf, t\u0131bbi i\u015fe al\u0131m, t\u0131bbi lisanslama ve t\u0131bbi lisans s\u0131nav\u0131 haz\u0131rl\u0131k hizmetleri konusunda uzmanla\u015fm\u0131\u015f bir \u015firkettir. \u015eirket, bo\u015f pozisyonlar\u0131 doldurmak i\u00e7in nitelikli t\u0131bbi profesyonelleri belirleme ve i\u015fe alma konusunda sa\u011fl\u0131k kurulu\u015flar\u0131na yard\u0131mc\u0131 olur.<\/p><p>T\u0131bbi lisans dan\u0131\u015fman\u0131 olarak Dr. Gulf, t\u0131bbi lisans almak veya mevcut bir lisans\u0131 s\u00fcrd\u00fcrmek isteyen bireylere rehberlik ve yard\u0131m sa\u011flar, karma\u015f\u0131k lisans s\u00fcrecinde rehberlik eder ve gerekli t\u00fcm ko\u015fullar\u0131 kar\u015f\u0131lamalar\u0131na yard\u0131mc\u0131 olur.<\/p><p>Ayr\u0131ca, \u015firket, bireylerin t\u0131bbi lisans s\u0131navlar\u0131na haz\u0131rlanmalar\u0131na yard\u0131mc\u0131 olmak amac\u0131yla t\u0131bbi lisans s\u0131nav\u0131 haz\u0131rl\u0131k hizmetleri sunar. T\u0131bbi i\u015fe al\u0131m ve lisanslama ile ilgili bir dizi hizmet sunarak, Dr. Gulf, sa\u011fl\u0131k profesyonellerinin kariyer hedeflerine ula\u015fmalar\u0131na ve hastalara y\u00fcksek kaliteli t\u0131bbi bak\u0131m sa\u011flamalar\u0131na yard\u0131mc\u0131 olmay\u0131 ama\u00e7lar.<\/p><\/div><\/div><\/div>\t\t\t\t\t\t\t\t<\/div>\n\t\t\t\t<\/div>\n\t\t\t\t<\/div>\n\t\t<div class=\"elementor-element elementor-element-51251c3 e-con-full e-flex e-con e-parent\" data-id=\"51251c3\" data-element_type=\"container\" data-e-type=\"container\">\n\t\t\t\t<\/div>\n\t\t<div class=\"elementor-element elementor-element-10b900bc e-con-full e-flex e-con e-parent\" data-id=\"10b900bc\" data-element_type=\"container\" data-e-type=\"container\">\n\t\t\t\t<div class=\"elementor-element elementor-element-6424b9ab elementor-widget__width-inherit elementor-widget elementor-widget-doctor_team_widget\" data-id=\"6424b9ab\" data-element_type=\"widget\" data-e-type=\"widget\" data-widget_type=\"doctor_team_widget.default\">\n\t\t\t\t<div class=\"elementor-widget-container\">\n\t\t\t\t\t\r\n\r\n\t <script>\r\n jQuery(document).ready(function($) {\r\n\r\n\/\/write js code under this line \r\n\r\n\r\n\/\/write code above the line \r\n\r\n  });\r\n<\/script>\r\n<!-- Doctor area start -->\r\n<section class=\"doctor-area section-space\">\r\n\t<div class=\"container\">\r\n\t\t<div class=\"row g-3\">\r\n\t\t\t\t\t\t<div class=\"col-xxl-4 col-xl-4 col-lg-4\">\r\n\t\t\t\t<div class=\"doctor-item-3 p-relative\">\r\n\t\t\t\t\t<div class=\"doctor-thumb-3 fix w-img mb-25\">\r\n\t\t\t\t\t<a href=\"https:\/\/drgulf.net\/index.php\/birlesik-arap-emirlikleri\/\">\r\n\t\t\t\t\t\t<img decoding=\"async\" src=\"https:\/\/drgulf.net\/wp-content\/uploads\/2024\/01\/doha-at-night-qatar-2023-11-27-04-59-35-utc-min-1-scaled.jpg\" alt=\"\">\r\n\t\t\t\t\t<\/a>\r\n\t\t\t\t\t<\/div>\r\n\t\t\t\t\t<div class=\"doctor-content\">\r\n\t\t\t\t\t<h4 class=\"doctor-title\"><a href=\"https:\/\/drgulf.net\/index.php\/birlesik-arap-emirlikleri\/\">Dubai'de Doktorluk<\/a><\/h4>\r\n\t\t\t\t\t<span><\/span>\r\n\t\t\t\t\t<\/div>\r\n\t\t\t\t\t<div class=\"doctor-social-3\">\r\n\t\t\t\t\t<ul>\r\n\t\t\t\t\t\t<li><a href=\"\"><i class=\"fas fa-arrow-right\"><\/i><\/a><\/li>\r\n\t\t\t\t\t\t<li><a href=\"\"><i class=\"far fa-file-alt\"><\/i><\/a><\/li>\r\n\t\t\t\t\t\t<li><a href=\"\"><i class=\"far fa-building\"><\/i><\/a><\/li>\r\n\t\t\t\t\t<\/ul>\r\n\t\t\t\t\t<\/div>\r\n\t\t\t\t<\/div>\r\n\t\t\t<\/div>\r\n\t\t\t\t\t\t<div class=\"col-xxl-4 col-xl-4 col-lg-4\">\r\n\t\t\t\t<div class=\"doctor-item-3 p-relative\">\r\n\t\t\t\t\t<div class=\"doctor-thumb-3 fix w-img mb-25\">\r\n\t\t\t\t\t<a href=\"https:\/\/drgulf.net\/index.php\/umman\/\">\r\n\t\t\t\t\t\t<img decoding=\"async\" src=\"https:\/\/drgulf.net\/wp-content\/uploads\/2023\/12\/muscat-2455049_1280.jpg\" alt=\"\">\r\n\t\t\t\t\t<\/a>\r\n\t\t\t\t\t<\/div>\r\n\t\t\t\t\t<div class=\"doctor-content\">\r\n\t\t\t\t\t<h4 class=\"doctor-title\"><a href=\"https:\/\/drgulf.net\/index.php\/umman\/\">Umman'da Doktorluk<\/a><\/h4>\r\n\t\t\t\t\t<span><\/span>\r\n\t\t\t\t\t<\/div>\r\n\t\t\t\t\t<div class=\"doctor-social-3\">\r\n\t\t\t\t\t<ul>\r\n\t\t\t\t\t\t<li><a href=\"\"><i class=\"fas fa-arrow-right\"><\/i><\/a><\/li>\r\n\t\t\t\t\t\t<li><a href=\"\"><i class=\"fas fa-file-alt\"><\/i><\/a><\/li>\r\n\t\t\t\t\t\t<li><a href=\"\"><i class=\"far fa-building\"><\/i><\/a><\/li>\r\n\t\t\t\t\t<\/ul>\r\n\t\t\t\t\t<\/div>\r\n\t\t\t\t<\/div>\r\n\t\t\t<\/div>\r\n\t\t\t\t\t\t<div class=\"col-xxl-4 col-xl-4 col-lg-4\">\r\n\t\t\t\t<div class=\"doctor-item-3 p-relative\">\r\n\t\t\t\t\t<div class=\"doctor-thumb-3 fix w-img mb-25\">\r\n\t\t\t\t\t<a href=\"https:\/\/drgulf.net\/index.php\/katar\/\">\r\n\t\t\t\t\t\t<img decoding=\"async\" src=\"https:\/\/drgulf.net\/wp-content\/uploads\/2023\/12\/panstwo-katar.jpg\" alt=\"\">\r\n\t\t\t\t\t<\/a>\r\n\t\t\t\t\t<\/div>\r\n\t\t\t\t\t<div class=\"doctor-content\">\r\n\t\t\t\t\t<h4 class=\"doctor-title\"><a href=\"https:\/\/drgulf.net\/index.php\/katar\/\">Katar'da Doktorluk<\/a><\/h4>\r\n\t\t\t\t\t<span><\/span>\r\n\t\t\t\t\t<\/div>\r\n\t\t\t\t\t<div class=\"doctor-social-3\">\r\n\t\t\t\t\t<ul>\r\n\t\t\t\t\t\t<li><a href=\"\"><i class=\"fas fa-arrow-right\"><\/i><\/a><\/li>\r\n\t\t\t\t\t\t<li><a href=\"\"><i class=\"far fa-file-alt\"><\/i><\/a><\/li>\r\n\t\t\t\t\t\t<li><a href=\"\"><i class=\"far fa-building\"><\/i><\/a><\/li>\r\n\t\t\t\t\t<\/ul>\r\n\t\t\t\t\t<\/div>\r\n\t\t\t\t<\/div>\r\n\t\t\t<\/div>\r\n\t\t\t\t\t\t<div class=\"col-xxl-4 col-xl-4 col-lg-4\">\r\n\t\t\t\t<div class=\"doctor-item-3 p-relative\">\r\n\t\t\t\t\t<div class=\"doctor-thumb-3 fix w-img mb-25\">\r\n\t\t\t\t\t<a href=\"https:\/\/drgulf.net\/index.php\/suudi-arabistan\/\">\r\n\t\t\t\t\t\t<img decoding=\"async\" src=\"https:\/\/drgulf.net\/wp-content\/uploads\/2023\/12\/1675695037637.png\" alt=\"\">\r\n\t\t\t\t\t<\/a>\r\n\t\t\t\t\t<\/div>\r\n\t\t\t\t\t<div class=\"doctor-content\">\r\n\t\t\t\t\t<h4 class=\"doctor-title\"><a href=\"https:\/\/drgulf.net\/index.php\/suudi-arabistan\/\">Suudi Arabistan'da Doktorluk<\/a><\/h4>\r\n\t\t\t\t\t<span><\/span>\r\n\t\t\t\t\t<\/div>\r\n\t\t\t\t\t<div class=\"doctor-social-3\">\r\n\t\t\t\t\t<ul>\r\n\t\t\t\t\t\t<li><a href=\"\"><i class=\"fas fa-arrow-right\"><\/i><\/a><\/li>\r\n\t\t\t\t\t\t<li><a href=\"\"><i class=\"far fa-file-alt\"><\/i><\/a><\/li>\r\n\t\t\t\t\t\t<li><a href=\"\"><i class=\"far fa-building\"><\/i><\/a><\/li>\r\n\t\t\t\t\t<\/ul>\r\n\t\t\t\t\t<\/div>\r\n\t\t\t\t<\/div>\r\n\t\t\t<\/div>\r\n\t\t\t\t\t<\/div>\r\n\t<\/div>\r\n<\/section>\r\n<!-- Doctor area end -->\r\n\r\n\t\r\n\r\n\r\n             \r\n\t\t\t\t\t\t<\/div>\n\t\t\t\t<\/div>\n\t\t\t\t<\/div>\n\t\t\t\t<\/div>\n\t\t","protected":false},"excerpt":{"rendered":"<p>Dr. Gulf, t\u0131bbi i\u015fe al\u0131m, t\u0131bbi lisanslama ve t\u0131bbi lisans s\u0131nav\u0131 haz\u0131rl\u0131k hizmetleri konusunda uzmanla\u015fm\u0131\u015f bir \u015firkettir. \u015eirket, bo\u015f pozisyonlar\u0131 doldurmak i\u00e7in nitelikli t\u0131bbi profesyonelleri belirleme ve i\u015fe alma konusunda sa\u011fl\u0131k kurulu\u015flar\u0131na yard\u0131mc\u0131 olur. T\u0131bbi lisans dan\u0131\u015fman\u0131 olarak Dr. Gulf, t\u0131bbi lisans almak veya mevcut bir lisans\u0131 s\u00fcrd\u00fcrmek isteyen bireylere rehberlik ve yard\u0131m sa\u011flar, karma\u015f\u0131k [&hellip;]<\/p>\n","protected":false},"author":1,"featured_media":0,"parent":0,"menu_order":0,"comment_status":"closed","ping_status":"closed","template":"","meta":{"inline_featured_image":false,"footnotes":""},"class_list":["post-526","page","type-page","status-publish","hentry"],"yoast_head":"<!-- This site is optimized with the Yoast SEO plugin v27.4 - https:\/\/yoast.com\/product\/yoast-seo-wordpress\/ -->\n<title>Hakk\u0131nda - Gulf Region Vacancies Recruitment<\/title>\n<meta name=\"robots\" content=\"index, follow, max-snippet:-1, max-image-preview:large, max-video-preview:-1\" \/>\n<link rel=\"canonical\" href=\"https:\/\/drgulf.net\/index.php\/hakkinda\/\" \/>\n<meta property=\"og:locale\" content=\"tr_TR\" \/>\n<meta property=\"og:type\" content=\"article\" \/>\n<meta property=\"og:title\" content=\"Hakk\u0131nda - Gulf Region Vacancies Recruitment\" \/>\n<meta property=\"og:description\" content=\"Dr. Gulf, t\u0131bbi i\u015fe al\u0131m, t\u0131bbi lisanslama ve t\u0131bbi lisans s\u0131nav\u0131 haz\u0131rl\u0131k hizmetleri konusunda uzmanla\u015fm\u0131\u015f bir \u015firkettir. \u015eirket, bo\u015f pozisyonlar\u0131 doldurmak i\u00e7in nitelikli t\u0131bbi profesyonelleri belirleme ve i\u015fe alma konusunda sa\u011fl\u0131k kurulu\u015flar\u0131na yard\u0131mc\u0131 olur. T\u0131bbi lisans dan\u0131\u015fman\u0131 olarak Dr. Gulf, t\u0131bbi lisans almak veya mevcut bir lisans\u0131 s\u00fcrd\u00fcrmek isteyen bireylere rehberlik ve yard\u0131m sa\u011flar, karma\u015f\u0131k [&hellip;]\" \/>\n<meta property=\"og:url\" content=\"https:\/\/drgulf.net\/index.php\/hakkinda\/\" \/>\n<meta property=\"og:site_name\" content=\"Gulf Region Vacancies Recruitment\" \/>\n<meta property=\"article:publisher\" content=\"https:\/\/www.facebook.com\/drgulf.job.1\/?paipv=0&amp;eav=AfaGmxTvEMGNja4xXPYo5Hx7KR-pBLy1seTCwQxcHp8JKGZtMLl4ztk19_b9SR2pLI4&amp;_rdr\" \/>\n<meta property=\"article:modified_time\" content=\"2024-01-05T01:40:02+00:00\" \/>\n<meta property=\"og:image\" content=\"http:\/\/drgulf.net\/wp-content\/uploads\/2023\/12\/nasil-yatay-yapiyim-knk-bilemedim-150x150.png\" \/>\n<meta name=\"twitter:card\" content=\"summary_large_image\" \/>\n<meta name=\"twitter:label1\" content=\"Tahmini okuma s\u00fcresi\" \/>\n\t<meta name=\"twitter:data1\" content=\"1 dakika\" \/>\n<script type=\"application\/ld+json\" class=\"yoast-schema-graph\">{\"@context\":\"https:\\\/\\\/schema.org\",\"@graph\":[{\"@type\":\"WebPage\",\"@id\":\"https:\\\/\\\/drgulf.net\\\/index.php\\\/hakkinda\\\/\",\"url\":\"https:\\\/\\\/drgulf.net\\\/index.php\\\/hakkinda\\\/\",\"name\":\"Hakk\u0131nda - Gulf Region Vacancies Recruitment\",\"isPartOf\":{\"@id\":\"https:\\\/\\\/drgulf.net\\\/#website\"},\"primaryImageOfPage\":{\"@id\":\"https:\\\/\\\/drgulf.net\\\/index.php\\\/hakkinda\\\/#primaryimage\"},\"image\":{\"@id\":\"https:\\\/\\\/drgulf.net\\\/index.php\\\/hakkinda\\\/#primaryimage\"},\"thumbnailUrl\":\"http:\\\/\\\/drgulf.net\\\/wp-content\\\/uploads\\\/2023\\\/12\\\/nasil-yatay-yapiyim-knk-bilemedim-150x150.png\",\"datePublished\":\"2023-11-19T10:59:49+00:00\",\"dateModified\":\"2024-01-05T01:40:02+00:00\",\"breadcrumb\":{\"@id\":\"https:\\\/\\\/drgulf.net\\\/index.php\\\/hakkinda\\\/#breadcrumb\"},\"inLanguage\":\"tr\",\"potentialAction\":[{\"@type\":\"ReadAction\",\"target\":[\"https:\\\/\\\/drgulf.net\\\/index.php\\\/hakkinda\\\/\"]}]},{\"@type\":\"ImageObject\",\"inLanguage\":\"tr\",\"@id\":\"https:\\\/\\\/drgulf.net\\\/index.php\\\/hakkinda\\\/#primaryimage\",\"url\":\"http:\\\/\\\/drgulf.net\\\/wp-content\\\/uploads\\\/2023\\\/12\\\/nasil-yatay-yapiyim-knk-bilemedim-150x150.png\",\"contentUrl\":\"http:\\\/\\\/drgulf.net\\\/wp-content\\\/uploads\\\/2023\\\/12\\\/nasil-yatay-yapiyim-knk-bilemedim-150x150.png\"},{\"@type\":\"BreadcrumbList\",\"@id\":\"https:\\\/\\\/drgulf.net\\\/index.php\\\/hakkinda\\\/#breadcrumb\",\"itemListElement\":[{\"@type\":\"ListItem\",\"position\":1,\"name\":\"Anasayfa\",\"item\":\"https:\\\/\\\/drgulf.net\\\/\"},{\"@type\":\"ListItem\",\"position\":2,\"name\":\"Hakk\u0131nda\"}]},{\"@type\":\"WebSite\",\"@id\":\"https:\\\/\\\/drgulf.net\\\/#website\",\"url\":\"https:\\\/\\\/drgulf.net\\\/\",\"name\":\"drgulf.net\\\/\",\"description\":\"For Healthcare Specialist\",\"publisher\":{\"@id\":\"https:\\\/\\\/drgulf.net\\\/#organization\"},\"potentialAction\":[{\"@type\":\"SearchAction\",\"target\":{\"@type\":\"EntryPoint\",\"urlTemplate\":\"https:\\\/\\\/drgulf.net\\\/?s={search_term_string}\"},\"query-input\":{\"@type\":\"PropertyValueSpecification\",\"valueRequired\":true,\"valueName\":\"search_term_string\"}}],\"inLanguage\":\"tr\"},{\"@type\":\"Organization\",\"@id\":\"https:\\\/\\\/drgulf.net\\\/#organization\",\"name\":\"drgulf.net\\\/\",\"url\":\"https:\\\/\\\/drgulf.net\\\/\",\"logo\":{\"@type\":\"ImageObject\",\"inLanguage\":\"tr\",\"@id\":\"https:\\\/\\\/drgulf.net\\\/#\\\/schema\\\/logo\\\/image\\\/\",\"url\":\"https:\\\/\\\/drgulf.net\\\/wp-content\\\/uploads\\\/2023\\\/12\\\/siyah-1.png\",\"contentUrl\":\"https:\\\/\\\/drgulf.net\\\/wp-content\\\/uploads\\\/2023\\\/12\\\/siyah-1.png\",\"width\":3036,\"height\":1826,\"caption\":\"drgulf.net\\\/\"},\"image\":{\"@id\":\"https:\\\/\\\/drgulf.net\\\/#\\\/schema\\\/logo\\\/image\\\/\"},\"sameAs\":[\"https:\\\/\\\/www.facebook.com\\\/drgulf.job.1\\\/?paipv=0&eav=AfaGmxTvEMGNja4xXPYo5Hx7KR-pBLy1seTCwQxcHp8JKGZtMLl4ztk19_b9SR2pLI4&_rdr\",\"https:\\\/\\\/www.instagram.com\\\/drgulf\\\/\"]}]}<\/script>\n<!-- \/ Yoast SEO plugin. -->","yoast_head_json":{"title":"Hakk\u0131nda - Gulf Region Vacancies Recruitment","robots":{"index":"index","follow":"follow","max-snippet":"max-snippet:-1","max-image-preview":"max-image-preview:large","max-video-preview":"max-video-preview:-1"},"canonical":"https:\/\/drgulf.net\/index.php\/hakkinda\/","og_locale":"tr_TR","og_type":"article","og_title":"Hakk\u0131nda - Gulf Region Vacancies Recruitment","og_description":"Dr. Gulf, t\u0131bbi i\u015fe al\u0131m, t\u0131bbi lisanslama ve t\u0131bbi lisans s\u0131nav\u0131 haz\u0131rl\u0131k hizmetleri konusunda uzmanla\u015fm\u0131\u015f bir \u015firkettir. \u015eirket, bo\u015f pozisyonlar\u0131 doldurmak i\u00e7in nitelikli t\u0131bbi profesyonelleri belirleme ve i\u015fe alma konusunda sa\u011fl\u0131k kurulu\u015flar\u0131na yard\u0131mc\u0131 olur. T\u0131bbi lisans dan\u0131\u015fman\u0131 olarak Dr. Gulf, t\u0131bbi lisans almak veya mevcut bir lisans\u0131 s\u00fcrd\u00fcrmek isteyen bireylere rehberlik ve yard\u0131m sa\u011flar, karma\u015f\u0131k [&hellip;]","og_url":"https:\/\/drgulf.net\/index.php\/hakkinda\/","og_site_name":"Gulf Region Vacancies Recruitment","article_publisher":"https:\/\/www.facebook.com\/drgulf.job.1\/?paipv=0&eav=AfaGmxTvEMGNja4xXPYo5Hx7KR-pBLy1seTCwQxcHp8JKGZtMLl4ztk19_b9SR2pLI4&_rdr","article_modified_time":"2024-01-05T01:40:02+00:00","og_image":[{"url":"http:\/\/drgulf.net\/wp-content\/uploads\/2023\/12\/nasil-yatay-yapiyim-knk-bilemedim-150x150.png","type":"","width":"","height":""}],"twitter_card":"summary_large_image","twitter_misc":{"Tahmini okuma s\u00fcresi":"1 dakika"},"schema":{"@context":"https:\/\/schema.org","@graph":[{"@type":"WebPage","@id":"https:\/\/drgulf.net\/index.php\/hakkinda\/","url":"https:\/\/drgulf.net\/index.php\/hakkinda\/","name":"Hakk\u0131nda - Gulf Region Vacancies Recruitment","isPartOf":{"@id":"https:\/\/drgulf.net\/#website"},"primaryImageOfPage":{"@id":"https:\/\/drgulf.net\/index.php\/hakkinda\/#primaryimage"},"image":{"@id":"https:\/\/drgulf.net\/index.php\/hakkinda\/#primaryimage"},"thumbnailUrl":"http:\/\/drgulf.net\/wp-content\/uploads\/2023\/12\/nasil-yatay-yapiyim-knk-bilemedim-150x150.png","datePublished":"2023-11-19T10:59:49+00:00","dateModified":"2024-01-05T01:40:02+00:00","breadcrumb":{"@id":"https:\/\/drgulf.net\/index.php\/hakkinda\/#breadcrumb"},"inLanguage":"tr","potentialAction":[{"@type":"ReadAction","target":["https:\/\/drgulf.net\/index.php\/hakkinda\/"]}]},{"@type":"ImageObject","inLanguage":"tr","@id":"https:\/\/drgulf.net\/index.php\/hakkinda\/#primaryimage","url":"http:\/\/drgulf.net\/wp-content\/uploads\/2023\/12\/nasil-yatay-yapiyim-knk-bilemedim-150x150.png","contentUrl":"http:\/\/drgulf.net\/wp-content\/uploads\/2023\/12\/nasil-yatay-yapiyim-knk-bilemedim-150x150.png"},{"@type":"BreadcrumbList","@id":"https:\/\/drgulf.net\/index.php\/hakkinda\/#breadcrumb","itemListElement":[{"@type":"ListItem","position":1,"name":"Anasayfa","item":"https:\/\/drgulf.net\/"},{"@type":"ListItem","position":2,"name":"Hakk\u0131nda"}]},{"@type":"WebSite","@id":"https:\/\/drgulf.net\/#website","url":"https:\/\/drgulf.net\/","name":"drgulf.net\/","description":"For Healthcare Specialist","publisher":{"@id":"https:\/\/drgulf.net\/#organization"},"potentialAction":[{"@type":"SearchAction","target":{"@type":"EntryPoint","urlTemplate":"https:\/\/drgulf.net\/?s={search_term_string}"},"query-input":{"@type":"PropertyValueSpecification","valueRequired":true,"valueName":"search_term_string"}}],"inLanguage":"tr"},{"@type":"Organization","@id":"https:\/\/drgulf.net\/#organization","name":"drgulf.net\/","url":"https:\/\/drgulf.net\/","logo":{"@type":"ImageObject","inLanguage":"tr","@id":"https:\/\/drgulf.net\/#\/schema\/logo\/image\/","url":"https:\/\/drgulf.net\/wp-content\/uploads\/2023\/12\/siyah-1.png","contentUrl":"https:\/\/drgulf.net\/wp-content\/uploads\/2023\/12\/siyah-1.png","width":3036,"height":1826,"caption":"drgulf.net\/"},"image":{"@id":"https:\/\/drgulf.net\/#\/schema\/logo\/image\/"},"sameAs":["https:\/\/www.facebook.com\/drgulf.job.1\/?paipv=0&eav=AfaGmxTvEMGNja4xXPYo5Hx7KR-pBLy1seTCwQxcHp8JKGZtMLl4ztk19_b9SR2pLI4&_rdr","https:\/\/www.instagram.com\/drgulf\/"]}]}},"_links":{"self":[{"href":"https:\/\/drgulf.net\/index.php\/wp-json\/wp\/v2\/pages\/526","targetHints":{"allow":["GET"]}}],"collection":[{"href":"https:\/\/drgulf.net\/index.php\/wp-json\/wp\/v2\/pages"}],"about":[{"href":"https:\/\/drgulf.net\/index.php\/wp-json\/wp\/v2\/types\/page"}],"author":[{"embeddable":true,"href":"https:\/\/drgulf.net\/index.php\/wp-json\/wp\/v2\/users\/1"}],"replies":[{"embeddable":true,"href":"https:\/\/drgulf.net\/index.php\/wp-json\/wp\/v2\/comments?post=526"}],"version-history":[{"count":13,"href":"https:\/\/drgulf.net\/index.php\/wp-json\/wp\/v2\/pages\/526\/revisions"}],"predecessor-version":[{"id":2454,"href":"https:\/\/drgulf.net\/index.php\/wp-json\/wp\/v2\/pages\/526\/revisions\/2454"}],"wp:attachment":[{"href":"https:\/\/drgulf.net\/index.php\/wp-json\/wp\/v2\/media?parent=526"}],"curies":[{"name":"wp","href":"https:\/\/api.w.org\/{rel}","templated":true}]}}