{"id":737,"date":"2023-11-21T08:01:35","date_gmt":"2023-11-21T08:01:35","guid":{"rendered":"https:\/\/dogri.bluebellbd.net\/?page_id=737"},"modified":"2024-01-13T23:38:37","modified_gmt":"2024-01-13T20:38:37","slug":"lisanslama","status":"publish","type":"page","link":"https:\/\/drgulf.net\/index.php\/lisanslama\/","title":{"rendered":"Lisanslama"},"content":{"rendered":"\t\t<div data-elementor-type=\"wp-page\" data-elementor-id=\"737\" class=\"elementor elementor-737\">\n\t\t\t\t<div class=\"elementor-element elementor-element-c35fb99 e-flex e-con-boxed e-con e-parent\" data-id=\"c35fb99\" data-element_type=\"container\" data-e-type=\"container\">\n\t\t\t\t\t<div class=\"e-con-inner\">\n\t\t\t\t<div class=\"elementor-element elementor-element-a0d9775 elementor-widget elementor-widget-spacer\" data-id=\"a0d9775\" data-element_type=\"widget\" data-e-type=\"widget\" data-widget_type=\"spacer.default\">\n\t\t\t\t<div class=\"elementor-widget-container\">\n\t\t\t\t\t\t\t<div class=\"elementor-spacer\">\n\t\t\t<div class=\"elementor-spacer-inner\"><\/div>\n\t\t<\/div>\n\t\t\t\t\t\t<\/div>\n\t\t\t\t<\/div>\n\t\t\t\t\t<\/div>\n\t\t\t\t<\/div>\n\t\t<div class=\"elementor-element elementor-element-a62ad63 e-flex e-con-boxed e-con e-parent\" data-id=\"a62ad63\" data-element_type=\"container\" data-e-type=\"container\">\n\t\t\t\t\t<div class=\"e-con-inner\">\n\t\t<div class=\"elementor-element elementor-element-c148219 e-con-full e-flex e-con e-child\" data-id=\"c148219\" data-element_type=\"container\" data-e-type=\"container\">\n\t\t\t\t<div class=\"elementor-element elementor-element-e7ee8d1 elementor-widget elementor-widget-image\" data-id=\"e7ee8d1\" data-element_type=\"widget\" data-e-type=\"widget\" data-widget_type=\"image.default\">\n\t\t\t\t<div class=\"elementor-widget-container\">\n\t\t\t\t\t\t\t\t\t\t\t\t\t\t\t\t<a href=\"https:\/\/drgulf.net\/index.php\/dubai-lisans-islemleri\/\">\n\t\t\t\t\t\t\t<img fetchpriority=\"high\" decoding=\"async\" width=\"640\" height=\"425\" src=\"https:\/\/drgulf.net\/wp-content\/uploads\/2024\/01\/dubai-1024x680.png\" class=\"attachment-large size-large wp-image-2407\" alt=\"\" srcset=\"https:\/\/drgulf.net\/wp-content\/uploads\/2024\/01\/dubai-1024x680.png 1024w, https:\/\/drgulf.net\/wp-content\/uploads\/2024\/01\/dubai-300x199.png 300w, https:\/\/drgulf.net\/wp-content\/uploads\/2024\/01\/dubai-768x510.png 768w, https:\/\/drgulf.net\/wp-content\/uploads\/2024\/01\/dubai-600x398.png 600w, https:\/\/drgulf.net\/wp-content\/uploads\/2024\/01\/dubai.png 1280w\" sizes=\"(max-width: 640px) 100vw, 640px\" \/>\t\t\t\t\t\t\t\t<\/a>\n\t\t\t\t\t\t\t\t\t\t\t\t\t\t\t<\/div>\n\t\t\t\t<\/div>\n\t\t\t\t<div class=\"elementor-element elementor-element-6f5367c elementor-widget elementor-widget-heading\" data-id=\"6f5367c\" data-element_type=\"widget\" data-e-type=\"widget\" data-widget_type=\"heading.default\">\n\t\t\t\t<div class=\"elementor-widget-container\">\n\t\t\t\t\t<h2 class=\"elementor-heading-title elementor-size-default\"><a href=\"https:\/\/drgulf.net\/index.php\/dubai-lisans-islemleri\/\">Dubai Doktor Lisans \u0130\u015flemleri<\/a><\/h2>\t\t\t\t<\/div>\n\t\t\t\t<\/div>\n\t\t\t\t<\/div>\n\t\t<div class=\"elementor-element elementor-element-ff1dbf5 e-con-full e-flex e-con e-child\" data-id=\"ff1dbf5\" data-element_type=\"container\" data-e-type=\"container\">\n\t\t\t\t<div class=\"elementor-element elementor-element-206ab93 elementor-widget elementor-widget-image\" data-id=\"206ab93\" data-element_type=\"widget\" data-e-type=\"widget\" data-widget_type=\"image.default\">\n\t\t\t\t<div class=\"elementor-widget-container\">\n\t\t\t\t\t\t\t\t\t\t\t\t\t\t\t\t<a href=\"https:\/\/drgulf.net\/index.php\/umman-lisans-islemleri\/\">\n\t\t\t\t\t\t\t<img decoding=\"async\" width=\"640\" height=\"425\" src=\"https:\/\/drgulf.net\/wp-content\/uploads\/2023\/12\/muscat-2455049_1280-1024x680.jpg\" class=\"attachment-large size-large wp-image-2073\" alt=\"\" srcset=\"https:\/\/drgulf.net\/wp-content\/uploads\/2023\/12\/muscat-2455049_1280-1024x680.jpg 1024w, https:\/\/drgulf.net\/wp-content\/uploads\/2023\/12\/muscat-2455049_1280-600x398.jpg 600w, https:\/\/drgulf.net\/wp-content\/uploads\/2023\/12\/muscat-2455049_1280-300x199.jpg 300w, https:\/\/drgulf.net\/wp-content\/uploads\/2023\/12\/muscat-2455049_1280-768x510.jpg 768w, https:\/\/drgulf.net\/wp-content\/uploads\/2023\/12\/muscat-2455049_1280.jpg 1280w\" sizes=\"(max-width: 640px) 100vw, 640px\" \/>\t\t\t\t\t\t\t\t<\/a>\n\t\t\t\t\t\t\t\t\t\t\t\t\t\t\t<\/div>\n\t\t\t\t<\/div>\n\t\t\t\t<div class=\"elementor-element elementor-element-2e03627 elementor-widget elementor-widget-heading\" data-id=\"2e03627\" data-element_type=\"widget\" data-e-type=\"widget\" data-widget_type=\"heading.default\">\n\t\t\t\t<div class=\"elementor-widget-container\">\n\t\t\t\t\t<h2 class=\"elementor-heading-title elementor-size-default\"><a href=\"https:\/\/drgulf.net\/index.php\/umman-lisans-islemleri\/\">Umman'da Doktor Lisans \u0130\u015flemleri<\/a><\/h2>\t\t\t\t<\/div>\n\t\t\t\t<\/div>\n\t\t\t\t<\/div>\n\t\t<div class=\"elementor-element elementor-element-771a1d8 e-con-full e-flex e-con e-child\" data-id=\"771a1d8\" data-element_type=\"container\" data-e-type=\"container\">\n\t\t\t\t<div class=\"elementor-element elementor-element-c6cf2fb elementor-widget elementor-widget-image\" data-id=\"c6cf2fb\" data-element_type=\"widget\" data-e-type=\"widget\" data-widget_type=\"image.default\">\n\t\t\t\t<div class=\"elementor-widget-container\">\n\t\t\t\t\t\t\t\t\t\t\t\t\t\t\t\t<a href=\"https:\/\/drgulf.net\/index.php\/katar-lisans-islemleri\/\">\n\t\t\t\t\t\t\t<img decoding=\"async\" width=\"640\" height=\"431\" src=\"https:\/\/drgulf.net\/wp-content\/uploads\/2023\/12\/panstwo-katar-1024x689.jpg\" class=\"attachment-large size-large wp-image-2019\" alt=\"\" srcset=\"https:\/\/drgulf.net\/wp-content\/uploads\/2023\/12\/panstwo-katar-1024x689.jpg 1024w, https:\/\/drgulf.net\/wp-content\/uploads\/2023\/12\/panstwo-katar-600x403.jpg 600w, https:\/\/drgulf.net\/wp-content\/uploads\/2023\/12\/panstwo-katar-300x202.jpg 300w, https:\/\/drgulf.net\/wp-content\/uploads\/2023\/12\/panstwo-katar-768x516.jpg 768w, https:\/\/drgulf.net\/wp-content\/uploads\/2023\/12\/panstwo-katar-1536x1033.jpg 1536w, https:\/\/drgulf.net\/wp-content\/uploads\/2023\/12\/panstwo-katar.jpg 1920w\" sizes=\"(max-width: 640px) 100vw, 640px\" \/>\t\t\t\t\t\t\t\t<\/a>\n\t\t\t\t\t\t\t\t\t\t\t\t\t\t\t<\/div>\n\t\t\t\t<\/div>\n\t\t\t\t<div class=\"elementor-element elementor-element-a390e44 elementor-widget elementor-widget-heading\" data-id=\"a390e44\" data-element_type=\"widget\" data-e-type=\"widget\" data-widget_type=\"heading.default\">\n\t\t\t\t<div class=\"elementor-widget-container\">\n\t\t\t\t\t<h2 class=\"elementor-heading-title elementor-size-default\"><a href=\"https:\/\/drgulf.net\/index.php\/katar-lisans-islemleri\/\">Katar'da Doktor Lisans \u0130\u015flemleri<\/a><\/h2>\t\t\t\t<\/div>\n\t\t\t\t<\/div>\n\t\t\t\t<\/div>\n\t\t<div class=\"elementor-element elementor-element-e0c78bd e-con-full e-flex e-con e-child\" data-id=\"e0c78bd\" data-element_type=\"container\" data-e-type=\"container\">\n\t\t\t\t<div class=\"elementor-element elementor-element-99f7bb2 elementor-widget elementor-widget-image\" data-id=\"99f7bb2\" data-element_type=\"widget\" data-e-type=\"widget\" data-widget_type=\"image.default\">\n\t\t\t\t<div class=\"elementor-widget-container\">\n\t\t\t\t\t\t\t\t\t\t\t\t\t\t\t\t<a href=\"https:\/\/drgulf.net\/index.php\/suudi-arabistan-lisans-islemleri\/\">\n\t\t\t\t\t\t\t<img loading=\"lazy\" decoding=\"async\" width=\"612\" height=\"408\" src=\"https:\/\/drgulf.net\/wp-content\/uploads\/2024\/01\/istockphoto-1307771733-612x612-3.jpg\" class=\"attachment-large size-large wp-image-2548\" alt=\"\" srcset=\"https:\/\/drgulf.net\/wp-content\/uploads\/2024\/01\/istockphoto-1307771733-612x612-3.jpg 612w, https:\/\/drgulf.net\/wp-content\/uploads\/2024\/01\/istockphoto-1307771733-612x612-3-300x200.jpg 300w, https:\/\/drgulf.net\/wp-content\/uploads\/2024\/01\/istockphoto-1307771733-612x612-3-600x400.jpg 600w\" sizes=\"(max-width: 612px) 100vw, 612px\" \/>\t\t\t\t\t\t\t\t<\/a>\n\t\t\t\t\t\t\t\t\t\t\t\t\t\t\t<\/div>\n\t\t\t\t<\/div>\n\t\t\t\t<div class=\"elementor-element elementor-element-38d1348 elementor-widget elementor-widget-heading\" data-id=\"38d1348\" data-element_type=\"widget\" data-e-type=\"widget\" data-widget_type=\"heading.default\">\n\t\t\t\t<div class=\"elementor-widget-container\">\n\t\t\t\t\t<h2 class=\"elementor-heading-title elementor-size-default\"><a href=\"https:\/\/drgulf.net\/index.php\/suudi-arabistan-lisans-islemleri\/\">Suudi Arabistan'da Doktor Lisans \u0130\u015flemleri<\/a><\/h2>\t\t\t\t<\/div>\n\t\t\t\t<\/div>\n\t\t\t\t<\/div>\n\t\t\t\t\t<\/div>\n\t\t\t\t<\/div>\n\t\t<div class=\"elementor-element elementor-element-14cbbe18 e-con-full e-flex e-con e-parent\" data-id=\"14cbbe18\" data-element_type=\"container\" data-e-type=\"container\">\n\t\t\t\t<div class=\"elementor-element elementor-element-ca210b5 elementor-widget elementor-widget-spacer\" data-id=\"ca210b5\" data-element_type=\"widget\" data-e-type=\"widget\" data-widget_type=\"spacer.default\">\n\t\t\t\t<div class=\"elementor-widget-container\">\n\t\t\t\t\t\t\t<div class=\"elementor-spacer\">\n\t\t\t<div class=\"elementor-spacer-inner\"><\/div>\n\t\t<\/div>\n\t\t\t\t\t\t<\/div>\n\t\t\t\t<\/div>\n\t\t\t\t<\/div>\n\t\t\t\t<\/div>\n\t\t","protected":false},"excerpt":{"rendered":"<p>Dubai Doktor Lisans \u0130\u015flemleri Umman&#8217;da Doktor Lisans \u0130\u015flemleri Katar&#8217;da Doktor Lisans \u0130\u015flemleri Suudi Arabistan&#8217;da Doktor Lisans \u0130\u015flemleri<\/p>\n","protected":false},"author":1,"featured_media":0,"parent":0,"menu_order":0,"comment_status":"closed","ping_status":"closed","template":"","meta":{"inline_featured_image":false,"footnotes":""},"class_list":["post-737","page","type-page","status-publish","hentry"],"yoast_head":"<!-- This site is optimized with the Yoast SEO plugin v27.4 - https:\/\/yoast.com\/product\/yoast-seo-wordpress\/ -->\n<title>Lisanslama - Gulf Region Vacancies Recruitment<\/title>\n<meta name=\"robots\" content=\"index, follow, max-snippet:-1, max-image-preview:large, max-video-preview:-1\" \/>\n<link rel=\"canonical\" href=\"https:\/\/drgulf.net\/index.php\/lisanslama\/\" \/>\n<meta property=\"og:locale\" content=\"tr_TR\" \/>\n<meta property=\"og:type\" content=\"article\" \/>\n<meta property=\"og:title\" content=\"Lisanslama - Gulf Region Vacancies Recruitment\" \/>\n<meta property=\"og:description\" content=\"Dubai Doktor Lisans \u0130\u015flemleri Umman&#8217;da Doktor Lisans \u0130\u015flemleri Katar&#8217;da Doktor Lisans \u0130\u015flemleri Suudi Arabistan&#8217;da Doktor Lisans \u0130\u015flemleri\" \/>\n<meta property=\"og:url\" content=\"https:\/\/drgulf.net\/index.php\/lisanslama\/\" \/>\n<meta property=\"og:site_name\" content=\"Gulf Region Vacancies Recruitment\" \/>\n<meta property=\"article:publisher\" content=\"https:\/\/www.facebook.com\/drgulf.job.1\/?paipv=0&amp;eav=AfaGmxTvEMGNja4xXPYo5Hx7KR-pBLy1seTCwQxcHp8JKGZtMLl4ztk19_b9SR2pLI4&amp;_rdr\" \/>\n<meta property=\"article:modified_time\" content=\"2024-01-13T20:38:37+00:00\" \/>\n<meta property=\"og:image\" content=\"http:\/\/drgulf.net\/wp-content\/uploads\/2024\/01\/dubai-1024x680.png\" \/>\n<meta name=\"twitter:card\" content=\"summary_large_image\" \/>\n<meta name=\"twitter:label1\" content=\"Tahmini okuma s\u00fcresi\" \/>\n\t<meta name=\"twitter:data1\" content=\"1 dakika\" \/>\n<script type=\"application\/ld+json\" class=\"yoast-schema-graph\">{\"@context\":\"https:\\\/\\\/schema.org\",\"@graph\":[{\"@type\":\"WebPage\",\"@id\":\"https:\\\/\\\/drgulf.net\\\/index.php\\\/lisanslama\\\/\",\"url\":\"https:\\\/\\\/drgulf.net\\\/index.php\\\/lisanslama\\\/\",\"name\":\"Lisanslama - Gulf Region Vacancies Recruitment\",\"isPartOf\":{\"@id\":\"https:\\\/\\\/drgulf.net\\\/#website\"},\"primaryImageOfPage\":{\"@id\":\"https:\\\/\\\/drgulf.net\\\/index.php\\\/lisanslama\\\/#primaryimage\"},\"image\":{\"@id\":\"https:\\\/\\\/drgulf.net\\\/index.php\\\/lisanslama\\\/#primaryimage\"},\"thumbnailUrl\":\"http:\\\/\\\/drgulf.net\\\/wp-content\\\/uploads\\\/2024\\\/01\\\/dubai-1024x680.png\",\"datePublished\":\"2023-11-21T08:01:35+00:00\",\"dateModified\":\"2024-01-13T20:38:37+00:00\",\"breadcrumb\":{\"@id\":\"https:\\\/\\\/drgulf.net\\\/index.php\\\/lisanslama\\\/#breadcrumb\"},\"inLanguage\":\"tr\",\"potentialAction\":[{\"@type\":\"ReadAction\",\"target\":[\"https:\\\/\\\/drgulf.net\\\/index.php\\\/lisanslama\\\/\"]}]},{\"@type\":\"ImageObject\",\"inLanguage\":\"tr\",\"@id\":\"https:\\\/\\\/drgulf.net\\\/index.php\\\/lisanslama\\\/#primaryimage\",\"url\":\"https:\\\/\\\/drgulf.net\\\/wp-content\\\/uploads\\\/2024\\\/01\\\/dubai.png\",\"contentUrl\":\"https:\\\/\\\/drgulf.net\\\/wp-content\\\/uploads\\\/2024\\\/01\\\/dubai.png\",\"width\":1280,\"height\":850},{\"@type\":\"BreadcrumbList\",\"@id\":\"https:\\\/\\\/drgulf.net\\\/index.php\\\/lisanslama\\\/#breadcrumb\",\"itemListElement\":[{\"@type\":\"ListItem\",\"position\":1,\"name\":\"Anasayfa\",\"item\":\"https:\\\/\\\/drgulf.net\\\/\"},{\"@type\":\"ListItem\",\"position\":2,\"name\":\"Lisanslama\"}]},{\"@type\":\"WebSite\",\"@id\":\"https:\\\/\\\/drgulf.net\\\/#website\",\"url\":\"https:\\\/\\\/drgulf.net\\\/\",\"name\":\"drgulf.net\\\/\",\"description\":\"For Healthcare Specialist\",\"publisher\":{\"@id\":\"https:\\\/\\\/drgulf.net\\\/#organization\"},\"potentialAction\":[{\"@type\":\"SearchAction\",\"target\":{\"@type\":\"EntryPoint\",\"urlTemplate\":\"https:\\\/\\\/drgulf.net\\\/?s={search_term_string}\"},\"query-input\":{\"@type\":\"PropertyValueSpecification\",\"valueRequired\":true,\"valueName\":\"search_term_string\"}}],\"inLanguage\":\"tr\"},{\"@type\":\"Organization\",\"@id\":\"https:\\\/\\\/drgulf.net\\\/#organization\",\"name\":\"drgulf.net\\\/\",\"url\":\"https:\\\/\\\/drgulf.net\\\/\",\"logo\":{\"@type\":\"ImageObject\",\"inLanguage\":\"tr\",\"@id\":\"https:\\\/\\\/drgulf.net\\\/#\\\/schema\\\/logo\\\/image\\\/\",\"url\":\"https:\\\/\\\/drgulf.net\\\/wp-content\\\/uploads\\\/2023\\\/12\\\/siyah-1.png\",\"contentUrl\":\"https:\\\/\\\/drgulf.net\\\/wp-content\\\/uploads\\\/2023\\\/12\\\/siyah-1.png\",\"width\":3036,\"height\":1826,\"caption\":\"drgulf.net\\\/\"},\"image\":{\"@id\":\"https:\\\/\\\/drgulf.net\\\/#\\\/schema\\\/logo\\\/image\\\/\"},\"sameAs\":[\"https:\\\/\\\/www.facebook.com\\\/drgulf.job.1\\\/?paipv=0&eav=AfaGmxTvEMGNja4xXPYo5Hx7KR-pBLy1seTCwQxcHp8JKGZtMLl4ztk19_b9SR2pLI4&_rdr\",\"https:\\\/\\\/www.instagram.com\\\/drgulf\\\/\"]}]}<\/script>\n<!-- \/ Yoast SEO plugin. -->","yoast_head_json":{"title":"Lisanslama - Gulf Region Vacancies Recruitment","robots":{"index":"index","follow":"follow","max-snippet":"max-snippet:-1","max-image-preview":"max-image-preview:large","max-video-preview":"max-video-preview:-1"},"canonical":"https:\/\/drgulf.net\/index.php\/lisanslama\/","og_locale":"tr_TR","og_type":"article","og_title":"Lisanslama - Gulf Region Vacancies Recruitment","og_description":"Dubai Doktor Lisans \u0130\u015flemleri Umman&#8217;da Doktor Lisans \u0130\u015flemleri Katar&#8217;da Doktor Lisans \u0130\u015flemleri Suudi Arabistan&#8217;da Doktor Lisans \u0130\u015flemleri","og_url":"https:\/\/drgulf.net\/index.php\/lisanslama\/","og_site_name":"Gulf Region Vacancies Recruitment","article_publisher":"https:\/\/www.facebook.com\/drgulf.job.1\/?paipv=0&eav=AfaGmxTvEMGNja4xXPYo5Hx7KR-pBLy1seTCwQxcHp8JKGZtMLl4ztk19_b9SR2pLI4&_rdr","article_modified_time":"2024-01-13T20:38:37+00:00","og_image":[{"url":"http:\/\/drgulf.net\/wp-content\/uploads\/2024\/01\/dubai-1024x680.png","type":"","width":"","height":""}],"twitter_card":"summary_large_image","twitter_misc":{"Tahmini okuma s\u00fcresi":"1 dakika"},"schema":{"@context":"https:\/\/schema.org","@graph":[{"@type":"WebPage","@id":"https:\/\/drgulf.net\/index.php\/lisanslama\/","url":"https:\/\/drgulf.net\/index.php\/lisanslama\/","name":"Lisanslama - Gulf Region Vacancies Recruitment","isPartOf":{"@id":"https:\/\/drgulf.net\/#website"},"primaryImageOfPage":{"@id":"https:\/\/drgulf.net\/index.php\/lisanslama\/#primaryimage"},"image":{"@id":"https:\/\/drgulf.net\/index.php\/lisanslama\/#primaryimage"},"thumbnailUrl":"http:\/\/drgulf.net\/wp-content\/uploads\/2024\/01\/dubai-1024x680.png","datePublished":"2023-11-21T08:01:35+00:00","dateModified":"2024-01-13T20:38:37+00:00","breadcrumb":{"@id":"https:\/\/drgulf.net\/index.php\/lisanslama\/#breadcrumb"},"inLanguage":"tr","potentialAction":[{"@type":"ReadAction","target":["https:\/\/drgulf.net\/index.php\/lisanslama\/"]}]},{"@type":"ImageObject","inLanguage":"tr","@id":"https:\/\/drgulf.net\/index.php\/lisanslama\/#primaryimage","url":"https:\/\/drgulf.net\/wp-content\/uploads\/2024\/01\/dubai.png","contentUrl":"https:\/\/drgulf.net\/wp-content\/uploads\/2024\/01\/dubai.png","width":1280,"height":850},{"@type":"BreadcrumbList","@id":"https:\/\/drgulf.net\/index.php\/lisanslama\/#breadcrumb","itemListElement":[{"@type":"ListItem","position":1,"name":"Anasayfa","item":"https:\/\/drgulf.net\/"},{"@type":"ListItem","position":2,"name":"Lisanslama"}]},{"@type":"WebSite","@id":"https:\/\/drgulf.net\/#website","url":"https:\/\/drgulf.net\/","name":"drgulf.net\/","description":"For Healthcare Specialist","publisher":{"@id":"https:\/\/drgulf.net\/#organization"},"potentialAction":[{"@type":"SearchAction","target":{"@type":"EntryPoint","urlTemplate":"https:\/\/drgulf.net\/?s={search_term_string}"},"query-input":{"@type":"PropertyValueSpecification","valueRequired":true,"valueName":"search_term_string"}}],"inLanguage":"tr"},{"@type":"Organization","@id":"https:\/\/drgulf.net\/#organization","name":"drgulf.net\/","url":"https:\/\/drgulf.net\/","logo":{"@type":"ImageObject","inLanguage":"tr","@id":"https:\/\/drgulf.net\/#\/schema\/logo\/image\/","url":"https:\/\/drgulf.net\/wp-content\/uploads\/2023\/12\/siyah-1.png","contentUrl":"https:\/\/drgulf.net\/wp-content\/uploads\/2023\/12\/siyah-1.png","width":3036,"height":1826,"caption":"drgulf.net\/"},"image":{"@id":"https:\/\/drgulf.net\/#\/schema\/logo\/image\/"},"sameAs":["https:\/\/www.facebook.com\/drgulf.job.1\/?paipv=0&eav=AfaGmxTvEMGNja4xXPYo5Hx7KR-pBLy1seTCwQxcHp8JKGZtMLl4ztk19_b9SR2pLI4&_rdr","https:\/\/www.instagram.com\/drgulf\/"]}]}},"_links":{"self":[{"href":"https:\/\/drgulf.net\/index.php\/wp-json\/wp\/v2\/pages\/737","targetHints":{"allow":["GET"]}}],"collection":[{"href":"https:\/\/drgulf.net\/index.php\/wp-json\/wp\/v2\/pages"}],"about":[{"href":"https:\/\/drgulf.net\/index.php\/wp-json\/wp\/v2\/types\/page"}],"author":[{"embeddable":true,"href":"https:\/\/drgulf.net\/index.php\/wp-json\/wp\/v2\/users\/1"}],"replies":[{"embeddable":true,"href":"https:\/\/drgulf.net\/index.php\/wp-json\/wp\/v2\/comments?post=737"}],"version-history":[{"count":27,"href":"https:\/\/drgulf.net\/index.php\/wp-json\/wp\/v2\/pages\/737\/revisions"}],"predecessor-version":[{"id":2575,"href":"https:\/\/drgulf.net\/index.php\/wp-json\/wp\/v2\/pages\/737\/revisions\/2575"}],"wp:attachment":[{"href":"https:\/\/drgulf.net\/index.php\/wp-json\/wp\/v2\/media?parent=737"}],"curies":[{"name":"wp","href":"https:\/\/api.w.org\/{rel}","templated":true}]}}